{"id":8242,"date":"2023-10-24T15:00:47","date_gmt":"2023-10-24T15:00:47","guid":{"rendered":"https:\/\/daiktaisuistorija.lt\/?post_type=product&#038;p=8242"},"modified":"2023-11-09T22:35:47","modified_gmt":"2023-11-09T22:35:47","slug":"antikvarinis-saukstas","status":"publish","type":"product","link":"https:\/\/daiktaisuistorija.lt\/lt\/produktas\/antikvarinis-saukstas\/","title":{"rendered":"Antikvarinis \u0161auk\u0161tas"},"content":{"rendered":"<p>Angli\u0161kas antikvarinis \u0161auk\u0161tas, pasidabruotas. Puikiai tinka pasemti prieskoniams, pada\u017eams. Sunkus, kokybi\u0161kas.<\/p>\n<p>Ilgis 20cm,<br \/>Plotis 3,5cm.<\/p>\n<p>B\u016bkl\u0117 &#8211; labai gera. \u0160auk\u0161tas pasideng\u0119s patina.<\/p>","protected":false},"excerpt":{"rendered":"<p>Angli\u0161kas antikvarinis \u0161auk\u0161tas, pasidabruotas. Puikiai tinka pasemti prieskoniams, pada\u017eams. Sunkus, kokybi\u0161kas. Ilgis 20cm,Plotis 3,5cm. B\u016bkl\u0117 &#8211; labai gera. \u0160auk\u0161tas pasideng\u0119s patina.<\/p>","protected":false},"featured_media":7216,"template":"","meta":[],"product_cat":[64,52],"product_tag":[],"class_list":["post-8242","product","type-product","status-publish","has-post-thumbnail","hentry","product_cat-stalo-irankiai","product_cat-visi-daiktai"],"_links":{"self":[{"href":"https:\/\/daiktaisuistorija.lt\/lt\/wp-json\/wp\/v2\/product\/8242","targetHints":{"allow":["GET"]}}],"collection":[{"href":"https:\/\/daiktaisuistorija.lt\/lt\/wp-json\/wp\/v2\/product"}],"about":[{"href":"https:\/\/daiktaisuistorija.lt\/lt\/wp-json\/wp\/v2\/types\/product"}],"wp:featuredmedia":[{"embeddable":true,"href":"https:\/\/daiktaisuistorija.lt\/lt\/wp-json\/wp\/v2\/media\/7216"}],"wp:attachment":[{"href":"https:\/\/daiktaisuistorija.lt\/lt\/wp-json\/wp\/v2\/media?parent=8242"}],"wp:term":[{"taxonomy":"product_cat","embeddable":true,"href":"https:\/\/daiktaisuistorija.lt\/lt\/wp-json\/wp\/v2\/product_cat?post=8242"},{"taxonomy":"product_tag","embeddable":true,"href":"https:\/\/daiktaisuistorija.lt\/lt\/wp-json\/wp\/v2\/product_tag?post=8242"}],"curies":[{"name":"wp","href":"https:\/\/api.w.org\/{rel}","templated":true}]}}