{"id":8247,"date":"2023-10-24T15:00:47","date_gmt":"2023-10-24T15:00:47","guid":{"rendered":"https:\/\/daiktaisuistorija.lt\/?post_type=product&#038;p=8247"},"modified":"2023-11-09T22:02:14","modified_gmt":"2023-11-09T22:02:14","slug":"antikvarinis-villeroy-boch-dubuo","status":"publish","type":"product","link":"https:\/\/daiktaisuistorija.lt\/lt\/produktas\/antikvarinis-villeroy-boch-dubuo\/","title":{"rendered":"\u200bAntikvarinis Villeroy &#038; Boch dubuo"},"content":{"rendered":"<p>Antikvarinis Villeroy &#038; Boch \u201eWatteau\u201d dubuo. Pagamintas 1890-1920 m. laikotarpyje.<br \/>Nepaprastai retas. Ind\u0173 su b\u016btent \u0161iuo \u017eym\u0117jimu iki m\u016bs\u0173 dien\u0173 i\u0161liko labai nedaug, o i\u0161likusi\u0173 kainos rinkoje gali vir\u0161yti ir 100 Eur u\u017e 1 (!) l\u0117k\u0161t\u0119.<\/p>\n<p>Dubuo turi \u012fskilim\u0105, ta\u010diau i\u0161mesti tokio istorinio daikto tiesiog nekyla ranka&#8230; tod\u0117l parduodame j\u012f u\u017e simbolin\u0119 kain\u0105 su viltimi, kad atsiras \u017emogus, kuris sugalvos kaip k\u016brybi\u0161kai j\u012f panaudoti.<\/p>\n<p>D\u0117mesio! Nuotraukose dubens ra\u0161tas atrodo m\u0117lynesnis nei yra i\u0161 ties\u0173 &#8211; realyb\u0117je ra\u0161tas yra \u017ealiai pilkos spalvos.<\/p>\n<p>I\u0161matavimai:<br \/>Skersmuo 24,5 cm;<br \/>Auk\u0161tis 3,5 cm.<\/p>\n<p>B\u016bkl\u0117 &#8211; yra \u012fskilimas, kuris t\u0119siasi beveik per vis\u0105 dubens plot\u012f (\u017er. paskutin\u0119 nuotrauk\u0105). Naudoti s\u0105ly\u010diui su maistu netinkamas. Dubuo turi spalvos pakitim\u0173, kurie ry\u0161kiausiai matomi ant dubens kra\u0161teli\u0173 (rudos spalvos d\u0117mel\u0117s, \u017er. nuotraukas).<\/p>\n<p>D\u0117l dubens b\u016bkl\u0117s rekomenduojame duben\u012f atsiimti parduotuv\u0117j\u0117. Siuntimas, net ir saugiai supakavus, gali b\u016bti jam pra\u017e\u016btingas. <\/p>","protected":false},"excerpt":{"rendered":"<p>Antikvarinis Villeroy &#038; Boch \u201eWatteau\u201d dubuo. Pagamintas 1890-1920 m. laikotarpyje.Nepaprastai retas. Ind\u0173 su b\u016btent \u0161iuo \u017eym\u0117jimu iki m\u016bs\u0173 dien\u0173 i\u0161liko labai nedaug, o i\u0161likusi\u0173 kainos rinkoje gali vir\u0161yti ir 100 Eur u\u017e 1 (!) l\u0117k\u0161t\u0119. Dubuo turi \u012fskilim\u0105, ta\u010diau i\u0161mesti tokio istorinio daikto tiesiog nekyla ranka&#8230; tod\u0117l parduodame j\u012f u\u017e simbolin\u0119 kain\u0105 su viltimi, kad [&hellip;]<\/p>","protected":false},"featured_media":7226,"template":"","meta":[],"product_cat":[63],"product_tag":[],"class_list":["post-8247","product","type-product","status-publish","has-post-thumbnail","hentry","product_cat-lekstes-ir-dubeneliai"],"_links":{"self":[{"href":"https:\/\/daiktaisuistorija.lt\/lt\/wp-json\/wp\/v2\/product\/8247","targetHints":{"allow":["GET"]}}],"collection":[{"href":"https:\/\/daiktaisuistorija.lt\/lt\/wp-json\/wp\/v2\/product"}],"about":[{"href":"https:\/\/daiktaisuistorija.lt\/lt\/wp-json\/wp\/v2\/types\/product"}],"wp:featuredmedia":[{"embeddable":true,"href":"https:\/\/daiktaisuistorija.lt\/lt\/wp-json\/wp\/v2\/media\/7226"}],"wp:attachment":[{"href":"https:\/\/daiktaisuistorija.lt\/lt\/wp-json\/wp\/v2\/media?parent=8247"}],"wp:term":[{"taxonomy":"product_cat","embeddable":true,"href":"https:\/\/daiktaisuistorija.lt\/lt\/wp-json\/wp\/v2\/product_cat?post=8247"},{"taxonomy":"product_tag","embeddable":true,"href":"https:\/\/daiktaisuistorija.lt\/lt\/wp-json\/wp\/v2\/product_tag?post=8247"}],"curies":[{"name":"wp","href":"https:\/\/api.w.org\/{rel}","templated":true}]}}