{"id":8252,"date":"2023-10-24T15:00:57","date_gmt":"2023-10-24T15:00:57","guid":{"rendered":"https:\/\/daiktaisuistorija.lt\/?post_type=product&#038;p=8252"},"modified":"2023-11-09T21:56:03","modified_gmt":"2023-11-09T21:56:03","slug":"arbatinuko-sildykle-zvakide","status":"publish","type":"product","link":"https:\/\/daiktaisuistorija.lt\/lt\/produktas\/arbatinuko-sildykle-zvakide\/","title":{"rendered":"Arbatinuko \u0161ildykl\u0117 &#8211; \u017evakid\u0117"},"content":{"rendered":"<p>Pagaminta i\u0161 ketaus, dengta \u017ealiu emaliu. Originali paskirtis &#8211; palaikyti arbatinuko, puodo ar kito indo \u0161ilum\u0105. Galima naudoti ir kaip \u017evakid\u0119.<\/p>\n<p>I\u0161matavimai:<br \/>Skersmuo 15cm;<br \/>Auk\u0161tis 4cm;<br \/>Ilgis 22cm.<\/p>\n<p> B\u016bkl\u0117 &#8211; puiki.<\/p>","protected":false},"excerpt":{"rendered":"<p>Pagaminta i\u0161 ketaus, dengta \u017ealiu emaliu. Originali paskirtis &#8211; palaikyti arbatinuko, puodo ar kito indo \u0161ilum\u0105. Galima naudoti ir kaip \u017evakid\u0119. I\u0161matavimai:Skersmuo 15cm;Auk\u0161tis 4cm;Ilgis 22cm. B\u016bkl\u0117 &#8211; puiki.<\/p>","protected":false},"featured_media":7232,"template":"","meta":[],"product_cat":[70],"product_tag":[],"class_list":["post-8252","product","type-product","status-publish","has-post-thumbnail","hentry","product_cat-zvakides-ir-sviestuvai"],"_links":{"self":[{"href":"https:\/\/daiktaisuistorija.lt\/lt\/wp-json\/wp\/v2\/product\/8252","targetHints":{"allow":["GET"]}}],"collection":[{"href":"https:\/\/daiktaisuistorija.lt\/lt\/wp-json\/wp\/v2\/product"}],"about":[{"href":"https:\/\/daiktaisuistorija.lt\/lt\/wp-json\/wp\/v2\/types\/product"}],"wp:featuredmedia":[{"embeddable":true,"href":"https:\/\/daiktaisuistorija.lt\/lt\/wp-json\/wp\/v2\/media\/7232"}],"wp:attachment":[{"href":"https:\/\/daiktaisuistorija.lt\/lt\/wp-json\/wp\/v2\/media?parent=8252"}],"wp:term":[{"taxonomy":"product_cat","embeddable":true,"href":"https:\/\/daiktaisuistorija.lt\/lt\/wp-json\/wp\/v2\/product_cat?post=8252"},{"taxonomy":"product_tag","embeddable":true,"href":"https:\/\/daiktaisuistorija.lt\/lt\/wp-json\/wp\/v2\/product_tag?post=8252"}],"curies":[{"name":"wp","href":"https:\/\/api.w.org\/{rel}","templated":true}]}}