{"id":8253,"date":"2023-10-24T15:00:57","date_gmt":"2023-10-24T15:00:57","guid":{"rendered":"https:\/\/daiktaisuistorija.lt\/?post_type=product&#038;p=8253"},"modified":"2024-03-12T21:53:47","modified_gmt":"2024-03-12T19:53:47","slug":"art-deco-arbatos-servizas","status":"publish","type":"product","link":"https:\/\/daiktaisuistorija.lt\/lt\/produktas\/art-deco-arbatos-servizas\/","title":{"rendered":"Art Deco arbatos servizas"},"content":{"rendered":"<p>\u201eGebr\u00fcder Benedikt\u201c (\u010cekoslovakija) Art Deco stiliaus arbatos servizas. Pagamintas 1925-1939m. laikotarpyje. Plony\u010dio dramblio kaulo spalvos porceliano.<\/p>\n<p><span style=\"background-color: initial;\">Serviz\u0105 sudaro: <\/span><\/p>\n<div>Arbatinukas (2ltr);<\/div>\n<div>\u0104sot\u0117lis (450ml);<\/div>\n<div>Didel\u0117 serviravimo l\u0117k\u0161t\u0117 (skersmuo ~28cm);<\/div>\n<div>4 vnt. puodeli\u0173 (225ml) su 4vnt. pol\u0117k\u0161t\u0117mis;<\/div>\n<div>8 vnt. Desertini\u0173 l\u0117k\u0161\u010di\u0173 (skersmuo ~19,5cm).<\/div>\n<div>I\u0161 viso: 19 dali\u0173.<\/div>\n<div>B\u016bkl\u0117 &#8211; turint galvoje, kad \u0161iam servizui jau arti 100 met\u0173, labai gera! Arbatinuko vidus tviska \u0161vara. \u2728<\/div>\n<div>Kiti indai turi labai minimali\u0173 am\u017eiaus ir naudojimo po\u017eymi\u0173 (\u012ebr\u0117\u017eimai, pasidabravimo nusitrynimai). Keletas ne\u017eymi\u0173 \u012fskilim\u0173.<\/div>","protected":false},"excerpt":{"rendered":"<p>\u201eGebr\u00fcder Benedikt\u201c (\u010cekoslovakija) Art Deco stiliaus arbatos servizas. Pagamintas 1925-1939m. laikotarpyje. Plony\u010dio dramblio kaulo spalvos porceliano. Serviz\u0105 sudaro: Arbatinukas (2ltr); \u0104sot\u0117lis (450ml); Didel\u0117 serviravimo l\u0117k\u0161t\u0117 (skersmuo ~28cm); 4 vnt. puodeli\u0173 (225ml) su 4vnt. pol\u0117k\u0161t\u0117mis; 8 vnt. Desertini\u0173 l\u0117k\u0161\u010di\u0173 (skersmuo ~19,5cm). I\u0161 viso: 19 dali\u0173. B\u016bkl\u0117 &#8211; turint galvoje, kad \u0161iam servizui jau arti 100 met\u0173, [&hellip;]<\/p>","protected":false},"featured_media":8282,"template":"","meta":[],"product_cat":[84,89,52],"product_tag":[],"class_list":["post-8253","product","type-product","status-publish","has-post-thumbnail","hentry","product_cat-ispardavimas","product_cat-servizai-ir-rinkiniai","product_cat-visi-daiktai"],"_links":{"self":[{"href":"https:\/\/daiktaisuistorija.lt\/lt\/wp-json\/wp\/v2\/product\/8253","targetHints":{"allow":["GET"]}}],"collection":[{"href":"https:\/\/daiktaisuistorija.lt\/lt\/wp-json\/wp\/v2\/product"}],"about":[{"href":"https:\/\/daiktaisuistorija.lt\/lt\/wp-json\/wp\/v2\/types\/product"}],"wp:featuredmedia":[{"embeddable":true,"href":"https:\/\/daiktaisuistorija.lt\/lt\/wp-json\/wp\/v2\/media\/8282"}],"wp:attachment":[{"href":"https:\/\/daiktaisuistorija.lt\/lt\/wp-json\/wp\/v2\/media?parent=8253"}],"wp:term":[{"taxonomy":"product_cat","embeddable":true,"href":"https:\/\/daiktaisuistorija.lt\/lt\/wp-json\/wp\/v2\/product_cat?post=8253"},{"taxonomy":"product_tag","embeddable":true,"href":"https:\/\/daiktaisuistorija.lt\/lt\/wp-json\/wp\/v2\/product_tag?post=8253"}],"curies":[{"name":"wp","href":"https:\/\/api.w.org\/{rel}","templated":true}]}}