{"id":8254,"date":"2023-10-24T15:00:57","date_gmt":"2023-10-24T15:00:57","guid":{"rendered":"https:\/\/daiktaisuistorija.lt\/?post_type=product&#038;p=8254"},"modified":"2024-12-23T18:13:10","modified_gmt":"2024-12-23T16:13:10","slug":"art-deco-stiliaus-servizas","status":"publish","type":"product","link":"https:\/\/daiktaisuistorija.lt\/lt\/produktas\/art-deco-stiliaus-servizas\/","title":{"rendered":"Art Deco stiliaus servizas"},"content":{"rendered":"<p>\u017davingas juodas Art Deco stiliaus servizas. \ud83d\udda4<\/p>\n<div>Serviz\u0105 sudaro:<\/div>\n<div>\u2022 Cukrin\u0117 (auk\u0161tis 9,5cm, Ilgis ~9cm, plotis ~8cm);<\/div>\n<div>\u2022 \u0104sot\u0117lis (~250ml);<\/div>\n<div>\u2022 5 vnt. puodeli\u0173 su l\u0117k\u0161tel\u0117mis (~200ml);<\/div>\n<div>\u2022 Arbatinukas (~800ml).<\/div>\n<div>Servizas pagamintas i\u0161 plonos keramikos, puodeliai malon\u016bs laikyti rankose. \u2615\ufe0f\ud83d\udc4c<\/div>\n<div>B\u016bkl\u0117 &#8211; PUIKI.<\/div>","protected":false},"excerpt":{"rendered":"<p>\u017davingas juodas Art Deco stiliaus servizas. \ud83d\udda4 Serviz\u0105 sudaro: \u2022 Cukrin\u0117 (auk\u0161tis 9,5cm, Ilgis ~9cm, plotis ~8cm); \u2022 \u0104sot\u0117lis (~250ml); \u2022 5 vnt. puodeli\u0173 su l\u0117k\u0161tel\u0117mis (~200ml); \u2022 Arbatinukas (~800ml). Servizas pagamintas i\u0161 plonos keramikos, puodeliai malon\u016bs laikyti rankose. \u2615\ufe0f\ud83d\udc4c B\u016bkl\u0117 &#8211; PUIKI.<\/p>","protected":false},"featured_media":8283,"template":"","meta":[],"product_cat":[84,89,52],"product_tag":[],"class_list":["post-8254","product","type-product","status-publish","has-post-thumbnail","hentry","product_cat-ispardavimas","product_cat-servizai-ir-rinkiniai","product_cat-visi-daiktai"],"_links":{"self":[{"href":"https:\/\/daiktaisuistorija.lt\/lt\/wp-json\/wp\/v2\/product\/8254","targetHints":{"allow":["GET"]}}],"collection":[{"href":"https:\/\/daiktaisuistorija.lt\/lt\/wp-json\/wp\/v2\/product"}],"about":[{"href":"https:\/\/daiktaisuistorija.lt\/lt\/wp-json\/wp\/v2\/types\/product"}],"wp:featuredmedia":[{"embeddable":true,"href":"https:\/\/daiktaisuistorija.lt\/lt\/wp-json\/wp\/v2\/media\/8283"}],"wp:attachment":[{"href":"https:\/\/daiktaisuistorija.lt\/lt\/wp-json\/wp\/v2\/media?parent=8254"}],"wp:term":[{"taxonomy":"product_cat","embeddable":true,"href":"https:\/\/daiktaisuistorija.lt\/lt\/wp-json\/wp\/v2\/product_cat?post=8254"},{"taxonomy":"product_tag","embeddable":true,"href":"https:\/\/daiktaisuistorija.lt\/lt\/wp-json\/wp\/v2\/product_tag?post=8254"}],"curies":[{"name":"wp","href":"https:\/\/api.w.org\/{rel}","templated":true}]}}