{"id":8256,"date":"2023-10-24T15:00:58","date_gmt":"2023-10-24T15:00:58","guid":{"rendered":"https:\/\/daiktaisuistorija.lt\/?post_type=product&#038;p=8256"},"modified":"2023-11-07T10:40:34","modified_gmt":"2023-11-07T10:40:34","slug":"asotelis-dalmantinas","status":"publish","type":"product","link":"https:\/\/daiktaisuistorija.lt\/lt\/produktas\/asotelis-dalmantinas\/","title":{"rendered":"\u0104sot\u0117lis \u201eDalmantinas\u201c"},"content":{"rendered":"<p>Ta\u0161kuotas keramikinis \u0105sot\u0117lis. <\/p>\n<p>Talpa 350 ml.<\/p>\n<p>B\u016bkl\u0117 &#8211; puiki.<\/p>","protected":false},"excerpt":{"rendered":"<p>Ta\u0161kuotas keramikinis \u0105sot\u0117lis. Talpa 350 ml. B\u016bkl\u0117 &#8211; puiki.<\/p>","protected":false},"featured_media":7234,"template":"","meta":[],"product_cat":[65,52],"product_tag":[],"class_list":["post-8256","product","type-product","status-publish","has-post-thumbnail","hentry","product_cat-asociai-ir-grafinai","product_cat-visi-daiktai"],"_links":{"self":[{"href":"https:\/\/daiktaisuistorija.lt\/lt\/wp-json\/wp\/v2\/product\/8256","targetHints":{"allow":["GET"]}}],"collection":[{"href":"https:\/\/daiktaisuistorija.lt\/lt\/wp-json\/wp\/v2\/product"}],"about":[{"href":"https:\/\/daiktaisuistorija.lt\/lt\/wp-json\/wp\/v2\/types\/product"}],"wp:featuredmedia":[{"embeddable":true,"href":"https:\/\/daiktaisuistorija.lt\/lt\/wp-json\/wp\/v2\/media\/7234"}],"wp:attachment":[{"href":"https:\/\/daiktaisuistorija.lt\/lt\/wp-json\/wp\/v2\/media?parent=8256"}],"wp:term":[{"taxonomy":"product_cat","embeddable":true,"href":"https:\/\/daiktaisuistorija.lt\/lt\/wp-json\/wp\/v2\/product_cat?post=8256"},{"taxonomy":"product_tag","embeddable":true,"href":"https:\/\/daiktaisuistorija.lt\/lt\/wp-json\/wp\/v2\/product_tag?post=8256"}],"curies":[{"name":"wp","href":"https:\/\/api.w.org\/{rel}","templated":true}]}}