{"id":8257,"date":"2023-10-24T15:00:58","date_gmt":"2023-10-24T15:00:58","guid":{"rendered":"https:\/\/daiktaisuistorija.lt\/?post_type=product&#038;p=8257"},"modified":"2024-02-15T15:23:12","modified_gmt":"2024-02-15T13:23:12","slug":"asotelis-ir-puodyne","status":"publish","type":"product","link":"https:\/\/daiktaisuistorija.lt\/lt\/produktas\/asotelis-ir-puodyne\/","title":{"rendered":"\u0104sot\u0117lis ir puodyn\u0117"},"content":{"rendered":"<p>Portugalijoje pagaminti ir rankomis i\u0161tapyti \u0105sot\u0117lis ir puodyn\u0117.<\/p>\n<p>T\u016bris:<br \/>\u0104sotelis 400ml;<br \/>Puodyn\u0117 500ml.<\/p>\n<p>B\u016bkl\u0117 &#8211; labai gera. Glaz\u016bra ne\u017eymiai suai\u017eiojusi.<\/p>","protected":false},"excerpt":{"rendered":"<p>Portugalijoje pagaminti ir rankomis i\u0161tapyti \u0105sot\u0117lis ir puodyn\u0117. T\u016bris:\u0104sotelis 400ml;Puodyn\u0117 500ml. B\u016bkl\u0117 &#8211; labai gera. Glaz\u016bra ne\u017eymiai suai\u017eiojusi.<\/p>","protected":false},"featured_media":7236,"template":"","meta":[],"product_cat":[65,84,89,52],"product_tag":[],"class_list":["post-8257","product","type-product","status-publish","has-post-thumbnail","hentry","product_cat-asociai-ir-grafinai","product_cat-ispardavimas","product_cat-servizai-ir-rinkiniai","product_cat-visi-daiktai"],"_links":{"self":[{"href":"https:\/\/daiktaisuistorija.lt\/lt\/wp-json\/wp\/v2\/product\/8257","targetHints":{"allow":["GET"]}}],"collection":[{"href":"https:\/\/daiktaisuistorija.lt\/lt\/wp-json\/wp\/v2\/product"}],"about":[{"href":"https:\/\/daiktaisuistorija.lt\/lt\/wp-json\/wp\/v2\/types\/product"}],"wp:featuredmedia":[{"embeddable":true,"href":"https:\/\/daiktaisuistorija.lt\/lt\/wp-json\/wp\/v2\/media\/7236"}],"wp:attachment":[{"href":"https:\/\/daiktaisuistorija.lt\/lt\/wp-json\/wp\/v2\/media?parent=8257"}],"wp:term":[{"taxonomy":"product_cat","embeddable":true,"href":"https:\/\/daiktaisuistorija.lt\/lt\/wp-json\/wp\/v2\/product_cat?post=8257"},{"taxonomy":"product_tag","embeddable":true,"href":"https:\/\/daiktaisuistorija.lt\/lt\/wp-json\/wp\/v2\/product_tag?post=8257"}],"curies":[{"name":"wp","href":"https:\/\/api.w.org\/{rel}","templated":true}]}}