{"id":8259,"date":"2023-10-24T15:00:58","date_gmt":"2023-10-24T15:00:58","guid":{"rendered":"https:\/\/daiktaisuistorija.lt\/?post_type=product&#038;p=8259"},"modified":"2023-11-09T21:54:44","modified_gmt":"2023-11-09T21:54:44","slug":"auksta-itin-plono-stiklo-zvakide","status":"publish","type":"product","link":"https:\/\/daiktaisuistorija.lt\/lt\/produktas\/auksta-itin-plono-stiklo-zvakide\/","title":{"rendered":"Auk\u0161ta itin plono stiklo \u017evakid\u0117"},"content":{"rendered":"<p>Prabangi rank\u0173 darbo \u017evakid\u0117.<\/p>\n<p>I\u0161matavimai:<br \/>Auk\u0161tis 30cm.<\/p>\n<p>B\u016bkl\u0117 &#8211; puiki.<\/p>\n<div><\/div>","protected":false},"excerpt":{"rendered":"<p>Prabangi rank\u0173 darbo \u017evakid\u0117. I\u0161matavimai:Auk\u0161tis 30cm. B\u016bkl\u0117 &#8211; puiki.<\/p>","protected":false},"featured_media":7240,"template":"","meta":[],"product_cat":[70],"product_tag":[],"class_list":["post-8259","product","type-product","status-publish","has-post-thumbnail","hentry","product_cat-zvakides-ir-sviestuvai"],"_links":{"self":[{"href":"https:\/\/daiktaisuistorija.lt\/lt\/wp-json\/wp\/v2\/product\/8259","targetHints":{"allow":["GET"]}}],"collection":[{"href":"https:\/\/daiktaisuistorija.lt\/lt\/wp-json\/wp\/v2\/product"}],"about":[{"href":"https:\/\/daiktaisuistorija.lt\/lt\/wp-json\/wp\/v2\/types\/product"}],"wp:featuredmedia":[{"embeddable":true,"href":"https:\/\/daiktaisuistorija.lt\/lt\/wp-json\/wp\/v2\/media\/7240"}],"wp:attachment":[{"href":"https:\/\/daiktaisuistorija.lt\/lt\/wp-json\/wp\/v2\/media?parent=8259"}],"wp:term":[{"taxonomy":"product_cat","embeddable":true,"href":"https:\/\/daiktaisuistorija.lt\/lt\/wp-json\/wp\/v2\/product_cat?post=8259"},{"taxonomy":"product_tag","embeddable":true,"href":"https:\/\/daiktaisuistorija.lt\/lt\/wp-json\/wp\/v2\/product_tag?post=8259"}],"curies":[{"name":"wp","href":"https:\/\/api.w.org\/{rel}","templated":true}]}}