{"id":8260,"date":"2023-10-24T15:00:58","date_gmt":"2023-10-24T15:00:58","guid":{"rendered":"https:\/\/daiktaisuistorija.lt\/?post_type=product&#038;p=8260"},"modified":"2023-12-08T16:00:04","modified_gmt":"2023-12-08T14:00:04","slug":"auksta-stikline-zvakide","status":"publish","type":"product","link":"https:\/\/daiktaisuistorija.lt\/lt\/produktas\/auksta-stikline-zvakide\/","title":{"rendered":"Auk\u0161ta stiklin\u0117 \u017evakid\u0117"},"content":{"rendered":"<p>Stilinga stiklin\u0117 \u017evakid\u0117.<span><\/span><\/p>\n<p>I\u0161matavimai:<br \/>Pagrindo skersmuo 11,5cm;<br \/>Auk\u0161tis 20cm.<\/p>\n<p>B\u016bkl\u0117 &#8211; labai gera.<\/p>\n<div><\/div>","protected":false},"excerpt":{"rendered":"<p>Stilinga stiklin\u0117 \u017evakid\u0117. I\u0161matavimai:Pagrindo skersmuo 11,5cm;Auk\u0161tis 20cm. B\u016bkl\u0117 &#8211; labai gera.<\/p>","protected":false},"featured_media":7242,"template":"","meta":[],"product_cat":[118,70],"product_tag":[],"class_list":["post-8260","product","type-product","status-publish","has-post-thumbnail","hentry","product_cat-kaledos","product_cat-zvakides-ir-sviestuvai"],"_links":{"self":[{"href":"https:\/\/daiktaisuistorija.lt\/lt\/wp-json\/wp\/v2\/product\/8260","targetHints":{"allow":["GET"]}}],"collection":[{"href":"https:\/\/daiktaisuistorija.lt\/lt\/wp-json\/wp\/v2\/product"}],"about":[{"href":"https:\/\/daiktaisuistorija.lt\/lt\/wp-json\/wp\/v2\/types\/product"}],"wp:featuredmedia":[{"embeddable":true,"href":"https:\/\/daiktaisuistorija.lt\/lt\/wp-json\/wp\/v2\/media\/7242"}],"wp:attachment":[{"href":"https:\/\/daiktaisuistorija.lt\/lt\/wp-json\/wp\/v2\/media?parent=8260"}],"wp:term":[{"taxonomy":"product_cat","embeddable":true,"href":"https:\/\/daiktaisuistorija.lt\/lt\/wp-json\/wp\/v2\/product_cat?post=8260"},{"taxonomy":"product_tag","embeddable":true,"href":"https:\/\/daiktaisuistorija.lt\/lt\/wp-json\/wp\/v2\/product_tag?post=8260"}],"curies":[{"name":"wp","href":"https:\/\/api.w.org\/{rel}","templated":true}]}}