{"id":8261,"date":"2023-10-24T15:00:58","date_gmt":"2023-10-24T15:00:58","guid":{"rendered":"https:\/\/daiktaisuistorija.lt\/?post_type=product&#038;p=8261"},"modified":"2024-01-30T11:02:54","modified_gmt":"2024-01-30T09:02:54","slug":"axe-vale-poterry-lekstele","status":"publish","type":"product","link":"https:\/\/daiktaisuistorija.lt\/lt\/produktas\/axe-vale-poterry-lekstele\/","title":{"rendered":"\u200bAxe Vale Poterry l\u0117k\u0161tel\u0117"},"content":{"rendered":"<p>Axe Vale Poterry dramblio kaulo spalvos keramikin\u0117 l\u0117k\u0161tel\u0117.<\/p>\n<p>I\u0161matavimai:<br \/>Ilgis 19,5cm;<br \/>Plotis 12cm.<\/p>\n<p>B\u016bkl\u0117 &#8211; labai gera.<\/p>","protected":false},"excerpt":{"rendered":"<p>Axe Vale Poterry dramblio kaulo spalvos keramikin\u0117 l\u0117k\u0161tel\u0117. I\u0161matavimai:Ilgis 19,5cm;Plotis 12cm. B\u016bkl\u0117 &#8211; labai gera.<\/p>","protected":false},"featured_media":7244,"template":"","meta":[],"product_cat":[74,52],"product_tag":[],"class_list":["post-8261","product","type-product","status-publish","has-post-thumbnail","hentry","product_cat-dezutes-papuosalams","product_cat-visi-daiktai"],"_links":{"self":[{"href":"https:\/\/daiktaisuistorija.lt\/lt\/wp-json\/wp\/v2\/product\/8261","targetHints":{"allow":["GET"]}}],"collection":[{"href":"https:\/\/daiktaisuistorija.lt\/lt\/wp-json\/wp\/v2\/product"}],"about":[{"href":"https:\/\/daiktaisuistorija.lt\/lt\/wp-json\/wp\/v2\/types\/product"}],"wp:featuredmedia":[{"embeddable":true,"href":"https:\/\/daiktaisuistorija.lt\/lt\/wp-json\/wp\/v2\/media\/7244"}],"wp:attachment":[{"href":"https:\/\/daiktaisuistorija.lt\/lt\/wp-json\/wp\/v2\/media?parent=8261"}],"wp:term":[{"taxonomy":"product_cat","embeddable":true,"href":"https:\/\/daiktaisuistorija.lt\/lt\/wp-json\/wp\/v2\/product_cat?post=8261"},{"taxonomy":"product_tag","embeddable":true,"href":"https:\/\/daiktaisuistorija.lt\/lt\/wp-json\/wp\/v2\/product_tag?post=8261"}],"curies":[{"name":"wp","href":"https:\/\/api.w.org\/{rel}","templated":true}]}}