{"id":8262,"date":"2023-10-24T15:00:58","date_gmt":"2023-10-24T15:00:58","guid":{"rendered":"https:\/\/daiktaisuistorija.lt\/?post_type=product&#038;p=8262"},"modified":"2023-11-07T10:40:35","modified_gmt":"2023-11-07T10:40:35","slug":"aynsley-wild-tudor-vazele","status":"publish","type":"product","link":"https:\/\/daiktaisuistorija.lt\/lt\/produktas\/aynsley-wild-tudor-vazele\/","title":{"rendered":"Aynsley \u201eWild Tudor\u201c vazel\u0117"},"content":{"rendered":"<p>Porcelianin\u0117 Aynsley (Anglija) \u201eWild Tudor\u201c kolekcijos vazel\u0117.<\/p>\n<p>I\u0161matavimai:<br \/>Auk\u0161tis 18cm;<br \/>Skersmuo 6cm;<br \/>Kaklelio skersmuo 2 cm.<\/p>\n<p>B\u016bkl\u0117 &#8211; puiki.<\/p>","protected":false},"excerpt":{"rendered":"<p>Porcelianin\u0117 Aynsley (Anglija) \u201eWild Tudor\u201c kolekcijos vazel\u0117. I\u0161matavimai:Auk\u0161tis 18cm;Skersmuo 6cm;Kaklelio skersmuo 2 cm. B\u016bkl\u0117 &#8211; puiki.<\/p>","protected":false},"featured_media":7246,"template":"","meta":[],"product_cat":[61,52],"product_tag":[],"class_list":["post-8262","product","type-product","status-publish","has-post-thumbnail","hentry","product_cat-vazos-ir-vazonai","product_cat-visi-daiktai"],"_links":{"self":[{"href":"https:\/\/daiktaisuistorija.lt\/lt\/wp-json\/wp\/v2\/product\/8262","targetHints":{"allow":["GET"]}}],"collection":[{"href":"https:\/\/daiktaisuistorija.lt\/lt\/wp-json\/wp\/v2\/product"}],"about":[{"href":"https:\/\/daiktaisuistorija.lt\/lt\/wp-json\/wp\/v2\/types\/product"}],"wp:featuredmedia":[{"embeddable":true,"href":"https:\/\/daiktaisuistorija.lt\/lt\/wp-json\/wp\/v2\/media\/7246"}],"wp:attachment":[{"href":"https:\/\/daiktaisuistorija.lt\/lt\/wp-json\/wp\/v2\/media?parent=8262"}],"wp:term":[{"taxonomy":"product_cat","embeddable":true,"href":"https:\/\/daiktaisuistorija.lt\/lt\/wp-json\/wp\/v2\/product_cat?post=8262"},{"taxonomy":"product_tag","embeddable":true,"href":"https:\/\/daiktaisuistorija.lt\/lt\/wp-json\/wp\/v2\/product_tag?post=8262"}],"curies":[{"name":"wp","href":"https:\/\/api.w.org\/{rel}","templated":true}]}}