{"id":8263,"date":"2023-10-24T15:00:59","date_gmt":"2023-10-24T15:00:59","guid":{"rendered":"https:\/\/daiktaisuistorija.lt\/?post_type=product&#038;p=8263"},"modified":"2024-03-25T11:34:05","modified_gmt":"2024-03-25T09:34:05","slug":"azurine-desertine-lekste-dekoruota-vaisiais","status":"publish","type":"product","link":"https:\/\/daiktaisuistorija.lt\/lt\/produktas\/azurine-desertine-lekste-dekoruota-vaisiais\/","title":{"rendered":"A\u017e\u016brin\u0117 desertin\u0117 l\u0117k\u0161t\u0117 dekoruota vaisiais"},"content":{"rendered":"<p>Porcelianin\u0117 desertin\u0117 l\u0117k\u0161t\u0117 a\u017e\u016briniu kra\u0161teliu.<\/p>\n<p>I\u0161matavimai:<br \/>\nSkersmuo 19cm.<\/p>\n<div>B\u016bkl\u0117 &#8211; gera, pasitryn\u0119s paauksavimas, pie\u0161iniai.<\/div>","protected":false},"excerpt":{"rendered":"<p>Porcelianin\u0117 desertin\u0117 l\u0117k\u0161t\u0117 a\u017e\u016briniu kra\u0161teliu. I\u0161matavimai: Skersmuo 19cm. B\u016bkl\u0117 &#8211; gera, pasitryn\u0119s paauksavimas, pie\u0161iniai.<\/p>","protected":false},"featured_media":7248,"template":"","meta":[],"product_cat":[84,63,52],"product_tag":[],"class_list":["post-8263","product","type-product","status-publish","has-post-thumbnail","hentry","product_cat-ispardavimas","product_cat-lekstes-ir-dubeneliai","product_cat-visi-daiktai"],"_links":{"self":[{"href":"https:\/\/daiktaisuistorija.lt\/lt\/wp-json\/wp\/v2\/product\/8263","targetHints":{"allow":["GET"]}}],"collection":[{"href":"https:\/\/daiktaisuistorija.lt\/lt\/wp-json\/wp\/v2\/product"}],"about":[{"href":"https:\/\/daiktaisuistorija.lt\/lt\/wp-json\/wp\/v2\/types\/product"}],"wp:featuredmedia":[{"embeddable":true,"href":"https:\/\/daiktaisuistorija.lt\/lt\/wp-json\/wp\/v2\/media\/7248"}],"wp:attachment":[{"href":"https:\/\/daiktaisuistorija.lt\/lt\/wp-json\/wp\/v2\/media?parent=8263"}],"wp:term":[{"taxonomy":"product_cat","embeddable":true,"href":"https:\/\/daiktaisuistorija.lt\/lt\/wp-json\/wp\/v2\/product_cat?post=8263"},{"taxonomy":"product_tag","embeddable":true,"href":"https:\/\/daiktaisuistorija.lt\/lt\/wp-json\/wp\/v2\/product_tag?post=8263"}],"curies":[{"name":"wp","href":"https:\/\/api.w.org\/{rel}","templated":true}]}}