{"id":8266,"date":"2023-10-24T15:00:59","date_gmt":"2023-10-24T15:00:59","guid":{"rendered":"https:\/\/daiktaisuistorija.lt\/?post_type=product&#038;p=8266"},"modified":"2023-11-09T21:53:04","modified_gmt":"2023-11-09T21:53:04","slug":"balta-vazele-tyra","status":"publish","type":"product","link":"https:\/\/daiktaisuistorija.lt\/lt\/produktas\/balta-vazele-tyra\/","title":{"rendered":"\u200bBalta vazel\u0117 \u201eTyra\u201c"},"content":{"rendered":"<p>Dailios formos keramikin\u0117 vazel\u0117.<\/p>\n<div>I\u0161matavimai:<br \/>Auk\u0161tis 11cm;<br \/>Skersmuo 8cm.<\/div>\n<div>B\u016bkl\u0117 &#8211; labai gera. Yra ne\u017eymi\u0173 \u012fbr\u0117\u017eim\u0173 (\u017ei\u016br\u0117ti nuotraukas).<\/div>","protected":false},"excerpt":{"rendered":"<p>Dailios formos keramikin\u0117 vazel\u0117. I\u0161matavimai:Auk\u0161tis 11cm;Skersmuo 8cm. B\u016bkl\u0117 &#8211; labai gera. Yra ne\u017eymi\u0173 \u012fbr\u0117\u017eim\u0173 (\u017ei\u016br\u0117ti nuotraukas).<\/p>","protected":false},"featured_media":7252,"template":"","meta":[],"product_cat":[61],"product_tag":[],"class_list":["post-8266","product","type-product","status-publish","has-post-thumbnail","hentry","product_cat-vazos-ir-vazonai"],"_links":{"self":[{"href":"https:\/\/daiktaisuistorija.lt\/lt\/wp-json\/wp\/v2\/product\/8266","targetHints":{"allow":["GET"]}}],"collection":[{"href":"https:\/\/daiktaisuistorija.lt\/lt\/wp-json\/wp\/v2\/product"}],"about":[{"href":"https:\/\/daiktaisuistorija.lt\/lt\/wp-json\/wp\/v2\/types\/product"}],"wp:featuredmedia":[{"embeddable":true,"href":"https:\/\/daiktaisuistorija.lt\/lt\/wp-json\/wp\/v2\/media\/7252"}],"wp:attachment":[{"href":"https:\/\/daiktaisuistorija.lt\/lt\/wp-json\/wp\/v2\/media?parent=8266"}],"wp:term":[{"taxonomy":"product_cat","embeddable":true,"href":"https:\/\/daiktaisuistorija.lt\/lt\/wp-json\/wp\/v2\/product_cat?post=8266"},{"taxonomy":"product_tag","embeddable":true,"href":"https:\/\/daiktaisuistorija.lt\/lt\/wp-json\/wp\/v2\/product_tag?post=8266"}],"curies":[{"name":"wp","href":"https:\/\/api.w.org\/{rel}","templated":true}]}}