{"id":8269,"date":"2023-10-24T15:00:59","date_gmt":"2023-10-24T15:00:59","guid":{"rendered":"https:\/\/daiktaisuistorija.lt\/?post_type=product&#038;p=8269"},"modified":"2024-06-12T14:41:03","modified_gmt":"2024-06-12T11:41:03","slug":"bavariskas-porcelianinis-puodelis","status":"publish","type":"product","link":"https:\/\/daiktaisuistorija.lt\/lt\/produktas\/bavariskas-porcelianinis-puodelis\/","title":{"rendered":"Bavari\u0161kas porcelianinis puodelis"},"content":{"rendered":"<div>Tirschenreuth (Bavarija) auk\u0161tos kokyb\u0117s porceliano puodelis. Didel\u0117s talpos! <\/div>\n<div>LIKO 1 vnt.<\/div>\n<div>~400ml<\/div>\n<p>B\u016bkl\u0117 &#8211; puiki.<\/p>","protected":false},"excerpt":{"rendered":"<p>Tirschenreuth (Bavarija) auk\u0161tos kokyb\u0117s porceliano puodelis. Didel\u0117s talpos! LIKO 1 vnt. ~400ml B\u016bkl\u0117 &#8211; puiki.<\/p>","protected":false},"featured_media":8286,"template":"","meta":[],"product_cat":[50,52],"product_tag":[],"class_list":["post-8269","product","type-product","status-publish","has-post-thumbnail","hentry","product_cat-puodeliai","product_cat-visi-daiktai"],"_links":{"self":[{"href":"https:\/\/daiktaisuistorija.lt\/lt\/wp-json\/wp\/v2\/product\/8269","targetHints":{"allow":["GET"]}}],"collection":[{"href":"https:\/\/daiktaisuistorija.lt\/lt\/wp-json\/wp\/v2\/product"}],"about":[{"href":"https:\/\/daiktaisuistorija.lt\/lt\/wp-json\/wp\/v2\/types\/product"}],"wp:featuredmedia":[{"embeddable":true,"href":"https:\/\/daiktaisuistorija.lt\/lt\/wp-json\/wp\/v2\/media\/8286"}],"wp:attachment":[{"href":"https:\/\/daiktaisuistorija.lt\/lt\/wp-json\/wp\/v2\/media?parent=8269"}],"wp:term":[{"taxonomy":"product_cat","embeddable":true,"href":"https:\/\/daiktaisuistorija.lt\/lt\/wp-json\/wp\/v2\/product_cat?post=8269"},{"taxonomy":"product_tag","embeddable":true,"href":"https:\/\/daiktaisuistorija.lt\/lt\/wp-json\/wp\/v2\/product_tag?post=8269"}],"curies":[{"name":"wp","href":"https:\/\/api.w.org\/{rel}","templated":true}]}}