{"id":8270,"date":"2023-10-24T15:00:59","date_gmt":"2023-10-24T15:00:59","guid":{"rendered":"https:\/\/daiktaisuistorija.lt\/?post_type=product&#038;p=8270"},"modified":"2024-03-12T21:53:46","modified_gmt":"2024-03-12T19:53:46","slug":"bhs-country-vine-lekstes","status":"publish","type":"product","link":"https:\/\/daiktaisuistorija.lt\/lt\/produktas\/bhs-country-vine-lekstes\/","title":{"rendered":"BHS Country Vine l\u0117k\u0161t\u0117s"},"content":{"rendered":"<p>BHS (Anglija) Country Vine serijos l\u0117k\u0161t\u0117s desertui\/u\u017ekand\u017eiams.<\/p>\n<p>I\u0161matavimai:<br \/>Skersmuo 20,5cm.<\/p>\n<p>B\u016bkl\u0117 &#8211; puiki.<\/p>","protected":false},"excerpt":{"rendered":"<p>BHS (Anglija) Country Vine serijos l\u0117k\u0161t\u0117s desertui\/u\u017ekand\u017eiams. I\u0161matavimai:Skersmuo 20,5cm. B\u016bkl\u0117 &#8211; puiki.<\/p>","protected":false},"featured_media":7256,"template":"","meta":[],"product_cat":[84,63,52],"product_tag":[],"class_list":["post-8270","product","type-product","status-publish","has-post-thumbnail","hentry","product_cat-ispardavimas","product_cat-lekstes-ir-dubeneliai","product_cat-visi-daiktai"],"_links":{"self":[{"href":"https:\/\/daiktaisuistorija.lt\/lt\/wp-json\/wp\/v2\/product\/8270","targetHints":{"allow":["GET"]}}],"collection":[{"href":"https:\/\/daiktaisuistorija.lt\/lt\/wp-json\/wp\/v2\/product"}],"about":[{"href":"https:\/\/daiktaisuistorija.lt\/lt\/wp-json\/wp\/v2\/types\/product"}],"wp:featuredmedia":[{"embeddable":true,"href":"https:\/\/daiktaisuistorija.lt\/lt\/wp-json\/wp\/v2\/media\/7256"}],"wp:attachment":[{"href":"https:\/\/daiktaisuistorija.lt\/lt\/wp-json\/wp\/v2\/media?parent=8270"}],"wp:term":[{"taxonomy":"product_cat","embeddable":true,"href":"https:\/\/daiktaisuistorija.lt\/lt\/wp-json\/wp\/v2\/product_cat?post=8270"},{"taxonomy":"product_tag","embeddable":true,"href":"https:\/\/daiktaisuistorija.lt\/lt\/wp-json\/wp\/v2\/product_tag?post=8270"}],"curies":[{"name":"wp","href":"https:\/\/api.w.org\/{rel}","templated":true}]}}