{"id":8271,"date":"2023-10-24T15:01:00","date_gmt":"2023-10-24T15:01:00","guid":{"rendered":"https:\/\/daiktaisuistorija.lt\/?post_type=product&#038;p=8271"},"modified":"2024-09-15T08:04:23","modified_gmt":"2024-09-15T05:04:23","slug":"biriu-produktu-indas","status":"publish","type":"product","link":"https:\/\/daiktaisuistorija.lt\/lt\/produktas\/biriu-produktu-indas\/","title":{"rendered":"Biri\u0173 produkt\u0173 indas"},"content":{"rendered":"<div>Didelis biri\u0173 produkt\u0173\/ arbatos indas.<\/div>\n<div>Pagamintas Anglijoje.<\/div>\n<div>Auk\u0161tis ~19cm<\/div>\n<div>Skersmuo ~14,5cm<\/div>\n<p>B\u016bkl\u0117 &#8211; labai gera. Ant dangtelio vienoje vietoje yra labai ne\u017eymi\u0173 juod\u0173 ta\u0161keli\u0173.<\/p>","protected":false},"excerpt":{"rendered":"<p>Didelis biri\u0173 produkt\u0173\/ arbatos indas. Pagamintas Anglijoje. Auk\u0161tis ~19cm Skersmuo ~14,5cm B\u016bkl\u0117 &#8211; labai gera. Ant dangtelio vienoje vietoje yra labai ne\u017eymi\u0173 juod\u0173 ta\u0161keli\u0173.<\/p>","protected":false},"featured_media":8287,"template":"","meta":[],"product_cat":[73,84,52],"product_tag":[],"class_list":["post-8271","product","type-product","status-publish","has-post-thumbnail","hentry","product_cat-indai-biriems-produktams","product_cat-ispardavimas","product_cat-visi-daiktai"],"_links":{"self":[{"href":"https:\/\/daiktaisuistorija.lt\/lt\/wp-json\/wp\/v2\/product\/8271","targetHints":{"allow":["GET"]}}],"collection":[{"href":"https:\/\/daiktaisuistorija.lt\/lt\/wp-json\/wp\/v2\/product"}],"about":[{"href":"https:\/\/daiktaisuistorija.lt\/lt\/wp-json\/wp\/v2\/types\/product"}],"wp:featuredmedia":[{"embeddable":true,"href":"https:\/\/daiktaisuistorija.lt\/lt\/wp-json\/wp\/v2\/media\/8287"}],"wp:attachment":[{"href":"https:\/\/daiktaisuistorija.lt\/lt\/wp-json\/wp\/v2\/media?parent=8271"}],"wp:term":[{"taxonomy":"product_cat","embeddable":true,"href":"https:\/\/daiktaisuistorija.lt\/lt\/wp-json\/wp\/v2\/product_cat?post=8271"},{"taxonomy":"product_tag","embeddable":true,"href":"https:\/\/daiktaisuistorija.lt\/lt\/wp-json\/wp\/v2\/product_tag?post=8271"}],"curies":[{"name":"wp","href":"https:\/\/api.w.org\/{rel}","templated":true}]}}