{"id":8273,"date":"2023-10-24T15:01:00","date_gmt":"2023-10-24T15:01:00","guid":{"rendered":"https:\/\/daiktaisuistorija.lt\/?post_type=product&#038;p=8273"},"modified":"2025-02-12T21:44:40","modified_gmt":"2025-02-12T19:44:40","slug":"carlton-ware-padazine","status":"publish","type":"product","link":"https:\/\/daiktaisuistorija.lt\/lt\/produktas\/carlton-ware-padazine\/","title":{"rendered":"Carlton Ware pada\u017ein\u0117"},"content":{"rendered":"<p>Unikalaus dizaino vinta\u017ein\u0117 Carlton Ware (Anglija) pada\u017ein\u0117 dekoruota magnolijos \u017eiedais.<\/p>\n<p>T\u016bris 200ml.<\/p>\n<p>B\u016bkl\u0117 &#8211; Yra ne\u017eymi\u0173 glaz\u016bros suai\u017eiojim\u0173. Viduje yra d\u0117meli\u0173 (\u017di\u016br\u0117ti nuotraukas).<\/p>","protected":false},"excerpt":{"rendered":"<p>Unikalaus dizaino vinta\u017ein\u0117 Carlton Ware (Anglija) pada\u017ein\u0117 dekoruota magnolijos \u017eiedais. T\u016bris 200ml. B\u016bkl\u0117 &#8211; Yra ne\u017eymi\u0173 glaz\u016bros suai\u017eiojim\u0173. Viduje yra d\u0117meli\u0173 (\u017di\u016br\u0117ti nuotraukas).<\/p>","protected":false},"featured_media":7263,"template":"","meta":[],"product_cat":[76,59,52],"product_tag":[],"class_list":["post-8273","product","type-product","status-publish","has-post-thumbnail","hentry","product_cat-prieskonines-ir-padazines","product_cat-serviravimo-indai","product_cat-visi-daiktai"],"_links":{"self":[{"href":"https:\/\/daiktaisuistorija.lt\/lt\/wp-json\/wp\/v2\/product\/8273","targetHints":{"allow":["GET"]}}],"collection":[{"href":"https:\/\/daiktaisuistorija.lt\/lt\/wp-json\/wp\/v2\/product"}],"about":[{"href":"https:\/\/daiktaisuistorija.lt\/lt\/wp-json\/wp\/v2\/types\/product"}],"wp:featuredmedia":[{"embeddable":true,"href":"https:\/\/daiktaisuistorija.lt\/lt\/wp-json\/wp\/v2\/media\/7263"}],"wp:attachment":[{"href":"https:\/\/daiktaisuistorija.lt\/lt\/wp-json\/wp\/v2\/media?parent=8273"}],"wp:term":[{"taxonomy":"product_cat","embeddable":true,"href":"https:\/\/daiktaisuistorija.lt\/lt\/wp-json\/wp\/v2\/product_cat?post=8273"},{"taxonomy":"product_tag","embeddable":true,"href":"https:\/\/daiktaisuistorija.lt\/lt\/wp-json\/wp\/v2\/product_tag?post=8273"}],"curies":[{"name":"wp","href":"https:\/\/api.w.org\/{rel}","templated":true}]}}