{"id":8274,"date":"2023-10-24T15:01:00","date_gmt":"2023-10-24T15:01:00","guid":{"rendered":"https:\/\/daiktaisuistorija.lt\/?post_type=product&#038;p=8274"},"modified":"2024-08-20T08:44:16","modified_gmt":"2024-08-20T05:44:16","slug":"cermer-kepimo-indeliai","status":"publish","type":"product","link":"https:\/\/daiktaisuistorija.lt\/lt\/produktas\/cermer-kepimo-indeliai\/","title":{"rendered":"Cermer kepimo indeliai"},"content":{"rendered":"<p>Cermer keramikiniai kepimo indeliai desertams ir u\u017ekand\u017eiams. I\u0161 viso 4 vnt.<\/p>\n<p>I\u0161matavimai:<br \/>Skersmuo 9cm;<br \/>Auk\u0161tis 4cm.<\/p>\n<p>B\u016bkl\u0117 &#8211; labai gera.<\/p>\n<div><\/div>","protected":false},"excerpt":{"rendered":"<p>Cermer keramikiniai kepimo indeliai desertams ir u\u017ekand\u017eiams. I\u0161 viso 4 vnt. I\u0161matavimai:Skersmuo 9cm;Auk\u0161tis 4cm. B\u016bkl\u0117 &#8211; labai gera.<\/p>","protected":false},"featured_media":7265,"template":"","meta":[],"product_cat":[118,86,52],"product_tag":[],"class_list":["post-8274","product","type-product","status-publish","has-post-thumbnail","hentry","product_cat-kaledos","product_cat-kepimo-formos","product_cat-visi-daiktai"],"_links":{"self":[{"href":"https:\/\/daiktaisuistorija.lt\/lt\/wp-json\/wp\/v2\/product\/8274","targetHints":{"allow":["GET"]}}],"collection":[{"href":"https:\/\/daiktaisuistorija.lt\/lt\/wp-json\/wp\/v2\/product"}],"about":[{"href":"https:\/\/daiktaisuistorija.lt\/lt\/wp-json\/wp\/v2\/types\/product"}],"wp:featuredmedia":[{"embeddable":true,"href":"https:\/\/daiktaisuistorija.lt\/lt\/wp-json\/wp\/v2\/media\/7265"}],"wp:attachment":[{"href":"https:\/\/daiktaisuistorija.lt\/lt\/wp-json\/wp\/v2\/media?parent=8274"}],"wp:term":[{"taxonomy":"product_cat","embeddable":true,"href":"https:\/\/daiktaisuistorija.lt\/lt\/wp-json\/wp\/v2\/product_cat?post=8274"},{"taxonomy":"product_tag","embeddable":true,"href":"https:\/\/daiktaisuistorija.lt\/lt\/wp-json\/wp\/v2\/product_tag?post=8274"}],"curies":[{"name":"wp","href":"https:\/\/api.w.org\/{rel}","templated":true}]}}