{"id":8276,"date":"2023-10-24T15:01:00","date_gmt":"2023-10-24T15:01:00","guid":{"rendered":"https:\/\/daiktaisuistorija.lt\/?post_type=product&#038;p=8276"},"modified":"2026-03-31T11:32:52","modified_gmt":"2026-03-31T08:32:52","slug":"colclough-porcelianinis-dubenelis","status":"publish","type":"product","link":"https:\/\/daiktaisuistorija.lt\/lt\/produktas\/colclough-porcelianinis-dubenelis\/","title":{"rendered":"Colclough porcelianinis duben\u0117lis"},"content":{"rendered":"<p>Nedidelis porcelianinis duben\u0117lis paauksuotu kra\u0161teliu.<\/p>\n<p>I\u0161matavimai:<br \/>Skersmuo 11cm;<br \/>Auk\u0161tis 7cm.<\/p>\n<p>B\u016bkl\u0117 &#8211; labai gera. <\/p>\n<div><\/div>","protected":false},"excerpt":{"rendered":"<p>Nedidelis porcelianinis duben\u0117lis paauksuotu kra\u0161teliu. I\u0161matavimai:Skersmuo 11cm;Auk\u0161tis 7cm. B\u016bkl\u0117 &#8211; labai gera.<\/p>","protected":false},"featured_media":7269,"template":"","meta":[],"product_cat":[63,52],"product_tag":[],"class_list":["post-8276","product","type-product","status-publish","has-post-thumbnail","hentry","product_cat-lekstes-ir-dubeneliai","product_cat-visi-daiktai"],"_links":{"self":[{"href":"https:\/\/daiktaisuistorija.lt\/lt\/wp-json\/wp\/v2\/product\/8276","targetHints":{"allow":["GET"]}}],"collection":[{"href":"https:\/\/daiktaisuistorija.lt\/lt\/wp-json\/wp\/v2\/product"}],"about":[{"href":"https:\/\/daiktaisuistorija.lt\/lt\/wp-json\/wp\/v2\/types\/product"}],"wp:featuredmedia":[{"embeddable":true,"href":"https:\/\/daiktaisuistorija.lt\/lt\/wp-json\/wp\/v2\/media\/7269"}],"wp:attachment":[{"href":"https:\/\/daiktaisuistorija.lt\/lt\/wp-json\/wp\/v2\/media?parent=8276"}],"wp:term":[{"taxonomy":"product_cat","embeddable":true,"href":"https:\/\/daiktaisuistorija.lt\/lt\/wp-json\/wp\/v2\/product_cat?post=8276"},{"taxonomy":"product_tag","embeddable":true,"href":"https:\/\/daiktaisuistorija.lt\/lt\/wp-json\/wp\/v2\/product_tag?post=8276"}],"curies":[{"name":"wp","href":"https:\/\/api.w.org\/{rel}","templated":true}]}}