{"id":8277,"date":"2023-10-24T15:01:00","date_gmt":"2023-10-24T15:01:00","guid":{"rendered":"https:\/\/daiktaisuistorija.lt\/?post_type=product&#038;p=8277"},"modified":"2024-06-11T12:20:46","modified_gmt":"2024-06-11T09:20:46","slug":"copeland-spode-chinese-rose-arbatinukas-vaza","status":"publish","type":"product","link":"https:\/\/daiktaisuistorija.lt\/lt\/produktas\/copeland-spode-chinese-rose-arbatinukas-vaza\/","title":{"rendered":"Copeland Spode \u201eChinese Rose\u201c arbatinukas\/vaza"},"content":{"rendered":"<p>Copeland Spode (Anglija) \u201eChinese Rose\u201c kolekcijos arbatinukas be dangtelio &#8211; tinkamas naudoti kaip vaz\u0105. <br \/>Pagamintas ~1930 m.<\/p>\n<p>I\u0161matavimai:<br \/>Auk\u0161tis 12cm;<br \/>Skersmuo 15cm;<br \/>Ilgis su snapeliu 22cm.<\/p>\n<p>B\u016bkl\u0117 &#8211; labai gera. <\/p>","protected":false},"excerpt":{"rendered":"<p>Copeland Spode (Anglija) \u201eChinese Rose\u201c kolekcijos arbatinukas be dangtelio &#8211; tinkamas naudoti kaip vaz\u0105. Pagamintas ~1930 m. I\u0161matavimai:Auk\u0161tis 12cm;Skersmuo 15cm;Ilgis su snapeliu 22cm. B\u016bkl\u0117 &#8211; labai gera.<\/p>","protected":false},"featured_media":7271,"template":"","meta":[],"product_cat":[72,61],"product_tag":[],"class_list":["post-8277","product","type-product","status-publish","has-post-thumbnail","hentry","product_cat-arbatinukai-kavinukai","product_cat-vazos-ir-vazonai"],"_links":{"self":[{"href":"https:\/\/daiktaisuistorija.lt\/lt\/wp-json\/wp\/v2\/product\/8277","targetHints":{"allow":["GET"]}}],"collection":[{"href":"https:\/\/daiktaisuistorija.lt\/lt\/wp-json\/wp\/v2\/product"}],"about":[{"href":"https:\/\/daiktaisuistorija.lt\/lt\/wp-json\/wp\/v2\/types\/product"}],"wp:featuredmedia":[{"embeddable":true,"href":"https:\/\/daiktaisuistorija.lt\/lt\/wp-json\/wp\/v2\/media\/7271"}],"wp:attachment":[{"href":"https:\/\/daiktaisuistorija.lt\/lt\/wp-json\/wp\/v2\/media?parent=8277"}],"wp:term":[{"taxonomy":"product_cat","embeddable":true,"href":"https:\/\/daiktaisuistorija.lt\/lt\/wp-json\/wp\/v2\/product_cat?post=8277"},{"taxonomy":"product_tag","embeddable":true,"href":"https:\/\/daiktaisuistorija.lt\/lt\/wp-json\/wp\/v2\/product_tag?post=8277"}],"curies":[{"name":"wp","href":"https:\/\/api.w.org\/{rel}","templated":true}]}}