{"id":8279,"date":"2023-10-24T15:01:00","date_gmt":"2023-10-24T15:01:00","guid":{"rendered":"https:\/\/daiktaisuistorija.lt\/?post_type=product&#038;p=8279"},"modified":"2023-11-09T21:22:38","modified_gmt":"2023-11-09T21:22:38","slug":"cukraus-kubeliu-znyples-2","status":"publish","type":"product","link":"https:\/\/daiktaisuistorija.lt\/lt\/produktas\/cukraus-kubeliu-znyples-2\/","title":{"rendered":"Cukraus kubeli\u0173 \u017enypl\u0117s"},"content":{"rendered":"<p>Tvirtos, i\u0161 ner\u016bdijan\u010dio plieno.<\/p>\n<p>Ilgis 11cm.<\/p>\n<p>B\u016bkl\u0117 &#8211; labai gera.<\/p>","protected":false},"excerpt":{"rendered":"<p>Tvirtos, i\u0161 ner\u016bdijan\u010dio plieno. Ilgis 11cm. B\u016bkl\u0117 &#8211; labai gera.<\/p>","protected":false},"featured_media":7275,"template":"","meta":[],"product_cat":[64],"product_tag":[],"class_list":["post-8279","product","type-product","status-publish","has-post-thumbnail","hentry","product_cat-stalo-irankiai"],"_links":{"self":[{"href":"https:\/\/daiktaisuistorija.lt\/lt\/wp-json\/wp\/v2\/product\/8279","targetHints":{"allow":["GET"]}}],"collection":[{"href":"https:\/\/daiktaisuistorija.lt\/lt\/wp-json\/wp\/v2\/product"}],"about":[{"href":"https:\/\/daiktaisuistorija.lt\/lt\/wp-json\/wp\/v2\/types\/product"}],"wp:featuredmedia":[{"embeddable":true,"href":"https:\/\/daiktaisuistorija.lt\/lt\/wp-json\/wp\/v2\/media\/7275"}],"wp:attachment":[{"href":"https:\/\/daiktaisuistorija.lt\/lt\/wp-json\/wp\/v2\/media?parent=8279"}],"wp:term":[{"taxonomy":"product_cat","embeddable":true,"href":"https:\/\/daiktaisuistorija.lt\/lt\/wp-json\/wp\/v2\/product_cat?post=8279"},{"taxonomy":"product_tag","embeddable":true,"href":"https:\/\/daiktaisuistorija.lt\/lt\/wp-json\/wp\/v2\/product_tag?post=8279"}],"curies":[{"name":"wp","href":"https:\/\/api.w.org\/{rel}","templated":true}]}}