{"id":8280,"date":"2023-10-24T15:01:01","date_gmt":"2023-10-24T15:01:01","guid":{"rendered":"https:\/\/daiktaisuistorija.lt\/?post_type=product&#038;p=8280"},"modified":"2024-09-03T11:46:23","modified_gmt":"2024-09-03T08:46:23","slug":"cukrines-ir-skrebuciu-stovelio-duetas","status":"publish","type":"product","link":"https:\/\/daiktaisuistorija.lt\/lt\/produktas\/cukrines-ir-skrebuciu-stovelio-duetas\/","title":{"rendered":"Cukrin\u0117s ir skrebu\u010di\u0173 stovelio duetas"},"content":{"rendered":"<p>Keramikinis komplekt\u0117lis i\u0161tapytas rankomis.<\/p>\n<p>I\u0161matavimai:<br \/>Skrebu\u010di\u0173 stovelis<br \/>Ilgis 17cm;<br \/>Plotis 10cm;<br \/>Auk\u0161tis 8cm.<\/p>\n<p>Cukrin\u0117<br \/>Auk\u0161tis 10cm;<br \/>Skersmuo 9,5cm.<\/p>\n<p>B\u016bkl\u0117 &#8211; labai gera. Yra ne\u017eymi\u0173 glaz\u016bros suai\u017eiojim\u0173, ne\u017eymi\u0173 patams\u0117jim\u0173 (\u017ei\u016br\u0117ti nuotraukas). <\/p>","protected":false},"excerpt":{"rendered":"<p>Keramikinis komplekt\u0117lis i\u0161tapytas rankomis. I\u0161matavimai:Skrebu\u010di\u0173 stovelisIlgis 17cm;Plotis 10cm;Auk\u0161tis 8cm. Cukrin\u0117Auk\u0161tis 10cm;Skersmuo 9,5cm. B\u016bkl\u0117 &#8211; labai gera. Yra ne\u017eymi\u0173 glaz\u016bros suai\u017eiojim\u0173, ne\u017eymi\u0173 patams\u0117jim\u0173 (\u017ei\u016br\u0117ti nuotraukas).<\/p>","protected":false},"featured_media":7277,"template":"","meta":[],"product_cat":[77,104,59,89],"product_tag":[],"class_list":["post-8280","product","type-product","status-publish","has-post-thumbnail","hentry","product_cat-kiausiniu-skrebuciu-serveteliu-laikikliai","product_cat-saldainines-ledaines-cukrines","product_cat-serviravimo-indai","product_cat-servizai-ir-rinkiniai"],"_links":{"self":[{"href":"https:\/\/daiktaisuistorija.lt\/lt\/wp-json\/wp\/v2\/product\/8280","targetHints":{"allow":["GET"]}}],"collection":[{"href":"https:\/\/daiktaisuistorija.lt\/lt\/wp-json\/wp\/v2\/product"}],"about":[{"href":"https:\/\/daiktaisuistorija.lt\/lt\/wp-json\/wp\/v2\/types\/product"}],"wp:featuredmedia":[{"embeddable":true,"href":"https:\/\/daiktaisuistorija.lt\/lt\/wp-json\/wp\/v2\/media\/7277"}],"wp:attachment":[{"href":"https:\/\/daiktaisuistorija.lt\/lt\/wp-json\/wp\/v2\/media?parent=8280"}],"wp:term":[{"taxonomy":"product_cat","embeddable":true,"href":"https:\/\/daiktaisuistorija.lt\/lt\/wp-json\/wp\/v2\/product_cat?post=8280"},{"taxonomy":"product_tag","embeddable":true,"href":"https:\/\/daiktaisuistorija.lt\/lt\/wp-json\/wp\/v2\/product_tag?post=8280"}],"curies":[{"name":"wp","href":"https:\/\/api.w.org\/{rel}","templated":true}]}}