{"id":8288,"date":"2023-10-24T15:01:19","date_gmt":"2023-10-24T15:01:19","guid":{"rendered":"https:\/\/daiktaisuistorija.lt\/?post_type=product&#038;p=8288"},"modified":"2023-11-07T10:40:32","modified_gmt":"2023-11-07T10:40:32","slug":"dangiska-antikvarine-lekste","status":"publish","type":"product","link":"https:\/\/daiktaisuistorija.lt\/lt\/produktas\/dangiska-antikvarine-lekste\/","title":{"rendered":"Dangi\u0161ka antikvarin\u0117 l\u0117k\u0161t\u0117"},"content":{"rendered":"<p>Porcelianin\u0117 Carl Tielsch Altwasser (Vokietija) serviravimo l\u0117k\u0161t\u0117. <br \/>Antikvarin\u0117, pagaminta ~1875 &#8211; 1909m. laikotarpyje.<br \/>Puikiai i\u0161silaikiusi.<\/p>\n<p>I\u0161matavimai:<br \/>Ilgis 26cm;<br \/>Plotis 24,5cm.<\/p>\n<p>B\u016bkl\u0117 &#8211; labai gera. Yra ne\u017eymi\u0173 paauksavimo nusitrynim\u0173, laiko ir naudojimo po\u017eymi\u0173.<\/p>","protected":false},"excerpt":{"rendered":"<p>Porcelianin\u0117 Carl Tielsch Altwasser (Vokietija) serviravimo l\u0117k\u0161t\u0117. Antikvarin\u0117, pagaminta ~1875 &#8211; 1909m. laikotarpyje.Puikiai i\u0161silaikiusi. I\u0161matavimai:Ilgis 26cm;Plotis 24,5cm. B\u016bkl\u0117 &#8211; labai gera. Yra ne\u017eymi\u0173 paauksavimo nusitrynim\u0173, laiko ir naudojimo po\u017eymi\u0173.<\/p>","protected":false},"featured_media":7281,"template":"","meta":[],"product_cat":[59,52],"product_tag":[],"class_list":["post-8288","product","type-product","status-publish","has-post-thumbnail","hentry","product_cat-serviravimo-indai","product_cat-visi-daiktai"],"_links":{"self":[{"href":"https:\/\/daiktaisuistorija.lt\/lt\/wp-json\/wp\/v2\/product\/8288","targetHints":{"allow":["GET"]}}],"collection":[{"href":"https:\/\/daiktaisuistorija.lt\/lt\/wp-json\/wp\/v2\/product"}],"about":[{"href":"https:\/\/daiktaisuistorija.lt\/lt\/wp-json\/wp\/v2\/types\/product"}],"wp:featuredmedia":[{"embeddable":true,"href":"https:\/\/daiktaisuistorija.lt\/lt\/wp-json\/wp\/v2\/media\/7281"}],"wp:attachment":[{"href":"https:\/\/daiktaisuistorija.lt\/lt\/wp-json\/wp\/v2\/media?parent=8288"}],"wp:term":[{"taxonomy":"product_cat","embeddable":true,"href":"https:\/\/daiktaisuistorija.lt\/lt\/wp-json\/wp\/v2\/product_cat?post=8288"},{"taxonomy":"product_tag","embeddable":true,"href":"https:\/\/daiktaisuistorija.lt\/lt\/wp-json\/wp\/v2\/product_tag?post=8288"}],"curies":[{"name":"wp","href":"https:\/\/api.w.org\/{rel}","templated":true}]}}