{"id":8291,"date":"2023-10-24T15:01:20","date_gmt":"2023-10-24T15:01:20","guid":{"rendered":"https:\/\/daiktaisuistorija.lt\/?post_type=product&#038;p=8291"},"modified":"2024-09-23T17:42:21","modified_gmt":"2024-09-23T14:42:21","slug":"dekoratyvus-italiskas-saukstelis","status":"publish","type":"product","link":"https:\/\/daiktaisuistorija.lt\/lt\/produktas\/dekoratyvus-italiskas-saukstelis\/","title":{"rendered":"Dekoratyvus itali\u0161kas \u0161auk\u0161telis"},"content":{"rendered":"<p>\u0160\u012f \u0161auk\u0161tel\u012f ka\u017ekas kadaise parsive\u017e\u0117 kaip suvenyr\u0105 i\u0161 kelioni\u0173 po Italij\u0105, o dabar jis laukia nauj\u0173 nam\u0173 \u010dia, Lietuvoje. \u0160auk\u0161telis suvenyrinis, neskirtas s\u0105ly\u010diui su maistu, ta\u010diau b\u016bt\u0173 puikus nuotrauk\u0173 rekvizitas arba nam\u0173 dekoro elementas.<\/p>\n<p>I\u0161matavimai:<br \/>Ilgis 11cm.<\/p>\n<p>B\u016bkl\u0117 &#8211; labai gera. Minimal\u016bs \u012fbr\u0117\u017eimai.<\/p>","protected":false},"excerpt":{"rendered":"<p>\u0160\u012f \u0161auk\u0161tel\u012f ka\u017ekas kadaise parsive\u017e\u0117 kaip suvenyr\u0105 i\u0161 kelioni\u0173 po Italij\u0105, o dabar jis laukia nauj\u0173 nam\u0173 \u010dia, Lietuvoje. \u0160auk\u0161telis suvenyrinis, neskirtas s\u0105ly\u010diui su maistu, ta\u010diau b\u016bt\u0173 puikus nuotrauk\u0173 rekvizitas arba nam\u0173 dekoro elementas. I\u0161matavimai:Ilgis 11cm. B\u016bkl\u0117 &#8211; labai gera. Minimal\u016bs \u012fbr\u0117\u017eimai.<\/p>","protected":false},"featured_media":7285,"template":"","meta":[],"product_cat":[84,64,52],"product_tag":[],"class_list":["post-8291","product","type-product","status-publish","has-post-thumbnail","hentry","product_cat-ispardavimas","product_cat-stalo-irankiai","product_cat-visi-daiktai"],"_links":{"self":[{"href":"https:\/\/daiktaisuistorija.lt\/lt\/wp-json\/wp\/v2\/product\/8291","targetHints":{"allow":["GET"]}}],"collection":[{"href":"https:\/\/daiktaisuistorija.lt\/lt\/wp-json\/wp\/v2\/product"}],"about":[{"href":"https:\/\/daiktaisuistorija.lt\/lt\/wp-json\/wp\/v2\/types\/product"}],"wp:featuredmedia":[{"embeddable":true,"href":"https:\/\/daiktaisuistorija.lt\/lt\/wp-json\/wp\/v2\/media\/7285"}],"wp:attachment":[{"href":"https:\/\/daiktaisuistorija.lt\/lt\/wp-json\/wp\/v2\/media?parent=8291"}],"wp:term":[{"taxonomy":"product_cat","embeddable":true,"href":"https:\/\/daiktaisuistorija.lt\/lt\/wp-json\/wp\/v2\/product_cat?post=8291"},{"taxonomy":"product_tag","embeddable":true,"href":"https:\/\/daiktaisuistorija.lt\/lt\/wp-json\/wp\/v2\/product_tag?post=8291"}],"curies":[{"name":"wp","href":"https:\/\/api.w.org\/{rel}","templated":true}]}}