{"id":8300,"date":"2023-10-24T15:01:21","date_gmt":"2023-10-24T15:01:21","guid":{"rendered":"https:\/\/daiktaisuistorija.lt\/?post_type=product&#038;p=8300"},"modified":"2024-10-09T14:13:30","modified_gmt":"2024-10-09T11:13:30","slug":"didelis-dekoratyvinis-bokalas-indas","status":"publish","type":"product","link":"https:\/\/daiktaisuistorija.lt\/lt\/produktas\/didelis-dekoratyvinis-bokalas-indas\/","title":{"rendered":"Didelis dekoratyvinis bokalas \/ indas"},"content":{"rendered":"<div>Did\u017eiulis dekoratyvinis keramikinis bokalas &#8211; virtuv\u0117s ar kitokiems rakandams susid\u0117ti. Puiki dekoracija vaik\u0173 kambariui. \ud83d\udc68\ud83c\udffc\u200d\u2708\ufe0f<\/div>\n<div>Auk\u0161tis ~20<\/div>\n<div>Ilgis ~21<\/div>\n<div>Plotis ~15cm<\/div>\n<div>B\u016bkl\u0117 &#8211; labai gera.<\/div>","protected":false},"excerpt":{"rendered":"<p>Did\u017eiulis dekoratyvinis keramikinis bokalas &#8211; virtuv\u0117s ar kitokiems rakandams susid\u0117ti. Puiki dekoracija vaik\u0173 kambariui. \ud83d\udc68\ud83c\udffc\u200d\u2708\ufe0f Auk\u0161tis ~20 Ilgis ~21 Plotis ~15cm B\u016bkl\u0117 &#8211; labai gera.<\/p>","protected":false},"featured_media":8322,"template":"","meta":[],"product_cat":[73,57,61],"product_tag":[],"class_list":["post-8300","product","type-product","status-publish","has-post-thumbnail","hentry","product_cat-indai-biriems-produktams","product_cat-vaikams","product_cat-vazos-ir-vazonai"],"_links":{"self":[{"href":"https:\/\/daiktaisuistorija.lt\/lt\/wp-json\/wp\/v2\/product\/8300","targetHints":{"allow":["GET"]}}],"collection":[{"href":"https:\/\/daiktaisuistorija.lt\/lt\/wp-json\/wp\/v2\/product"}],"about":[{"href":"https:\/\/daiktaisuistorija.lt\/lt\/wp-json\/wp\/v2\/types\/product"}],"wp:featuredmedia":[{"embeddable":true,"href":"https:\/\/daiktaisuistorija.lt\/lt\/wp-json\/wp\/v2\/media\/8322"}],"wp:attachment":[{"href":"https:\/\/daiktaisuistorija.lt\/lt\/wp-json\/wp\/v2\/media?parent=8300"}],"wp:term":[{"taxonomy":"product_cat","embeddable":true,"href":"https:\/\/daiktaisuistorija.lt\/lt\/wp-json\/wp\/v2\/product_cat?post=8300"},{"taxonomy":"product_tag","embeddable":true,"href":"https:\/\/daiktaisuistorija.lt\/lt\/wp-json\/wp\/v2\/product_tag?post=8300"}],"curies":[{"name":"wp","href":"https:\/\/api.w.org\/{rel}","templated":true}]}}