{"id":8308,"date":"2023-10-24T15:01:22","date_gmt":"2023-10-24T15:01:22","guid":{"rendered":"https:\/\/daiktaisuistorija.lt\/?post_type=product&#038;p=8308"},"modified":"2024-05-06T11:18:54","modified_gmt":"2024-05-06T08:18:54","slug":"didelis-vazonas","status":"publish","type":"product","link":"https:\/\/daiktaisuistorija.lt\/lt\/produktas\/didelis-vazonas\/","title":{"rendered":"Didelis vazonas"},"content":{"rendered":"<p>Didelis keramikinis vazonas su skylute dugne.<\/p>\n<p>I\u0161matavimai:<br \/>Skersmuo 22cm;<br \/>Auk\u0161tis 16cm.<\/p>\n<p>B\u016bkl\u0117 &#8211; labai gera. Vidin\u0117je vazono dalyje, aplink skylut\u0119 aptrup\u0117jusi keramika.<\/p>","protected":false},"excerpt":{"rendered":"<p>Didelis keramikinis vazonas su skylute dugne. I\u0161matavimai:Skersmuo 22cm;Auk\u0161tis 16cm. B\u016bkl\u0117 &#8211; labai gera. Vidin\u0117je vazono dalyje, aplink skylut\u0119 aptrup\u0117jusi keramika.<\/p>","protected":false},"featured_media":7307,"template":"","meta":[],"product_cat":[61],"product_tag":[],"class_list":["post-8308","product","type-product","status-publish","has-post-thumbnail","hentry","product_cat-vazos-ir-vazonai"],"_links":{"self":[{"href":"https:\/\/daiktaisuistorija.lt\/lt\/wp-json\/wp\/v2\/product\/8308","targetHints":{"allow":["GET"]}}],"collection":[{"href":"https:\/\/daiktaisuistorija.lt\/lt\/wp-json\/wp\/v2\/product"}],"about":[{"href":"https:\/\/daiktaisuistorija.lt\/lt\/wp-json\/wp\/v2\/types\/product"}],"wp:featuredmedia":[{"embeddable":true,"href":"https:\/\/daiktaisuistorija.lt\/lt\/wp-json\/wp\/v2\/media\/7307"}],"wp:attachment":[{"href":"https:\/\/daiktaisuistorija.lt\/lt\/wp-json\/wp\/v2\/media?parent=8308"}],"wp:term":[{"taxonomy":"product_cat","embeddable":true,"href":"https:\/\/daiktaisuistorija.lt\/lt\/wp-json\/wp\/v2\/product_cat?post=8308"},{"taxonomy":"product_tag","embeddable":true,"href":"https:\/\/daiktaisuistorija.lt\/lt\/wp-json\/wp\/v2\/product_tag?post=8308"}],"curies":[{"name":"wp","href":"https:\/\/api.w.org\/{rel}","templated":true}]}}