{"id":8312,"date":"2023-10-24T15:01:23","date_gmt":"2023-10-24T15:01:23","guid":{"rendered":"https:\/\/daiktaisuistorija.lt\/?post_type=product&#038;p=8312"},"modified":"2025-02-12T21:45:52","modified_gmt":"2025-02-12T19:45:52","slug":"didziulis-kepimo-indas","status":"publish","type":"product","link":"https:\/\/daiktaisuistorija.lt\/lt\/produktas\/didziulis-kepimo-indas\/","title":{"rendered":"Did\u017eiulis kepimo indas"},"content":{"rendered":"<div>Did\u017eiulis kepimo indas visiems rudens kepiniams. \ud83c\udf46\ud83e\udd66\ud83e\uddc4<\/div>\n<div><span style=\"background-color: initial;\">Skersmuo ~23cm (be \u0105seli\u0173)<\/span><\/div>\n<div>Gylis ~10cm<\/div>\n<p>B\u016bkl\u0117 &#8211; gera. Indo dugne yra ne\u017eymi\u0173 naudojimo po\u017eymi\u0173.<\/p>","protected":false},"excerpt":{"rendered":"<p>Did\u017eiulis kepimo indas visiems rudens kepiniams. \ud83c\udf46\ud83e\udd66\ud83e\uddc4 Skersmuo ~23cm (be \u0105seli\u0173) Gylis ~10cm B\u016bkl\u0117 &#8211; gera. Indo dugne yra ne\u017eymi\u0173 naudojimo po\u017eymi\u0173.<\/p>","protected":false},"featured_media":8348,"template":"","meta":[],"product_cat":[118,86,52],"product_tag":[],"class_list":["post-8312","product","type-product","status-publish","has-post-thumbnail","hentry","product_cat-kaledos","product_cat-kepimo-formos","product_cat-visi-daiktai"],"_links":{"self":[{"href":"https:\/\/daiktaisuistorija.lt\/lt\/wp-json\/wp\/v2\/product\/8312","targetHints":{"allow":["GET"]}}],"collection":[{"href":"https:\/\/daiktaisuistorija.lt\/lt\/wp-json\/wp\/v2\/product"}],"about":[{"href":"https:\/\/daiktaisuistorija.lt\/lt\/wp-json\/wp\/v2\/types\/product"}],"wp:featuredmedia":[{"embeddable":true,"href":"https:\/\/daiktaisuistorija.lt\/lt\/wp-json\/wp\/v2\/media\/8348"}],"wp:attachment":[{"href":"https:\/\/daiktaisuistorija.lt\/lt\/wp-json\/wp\/v2\/media?parent=8312"}],"wp:term":[{"taxonomy":"product_cat","embeddable":true,"href":"https:\/\/daiktaisuistorija.lt\/lt\/wp-json\/wp\/v2\/product_cat?post=8312"},{"taxonomy":"product_tag","embeddable":true,"href":"https:\/\/daiktaisuistorija.lt\/lt\/wp-json\/wp\/v2\/product_tag?post=8312"}],"curies":[{"name":"wp","href":"https:\/\/api.w.org\/{rel}","templated":true}]}}