{"id":8313,"date":"2023-10-24T15:01:23","date_gmt":"2023-10-24T15:01:23","guid":{"rendered":"https:\/\/daiktaisuistorija.lt\/?post_type=product&#038;p=8313"},"modified":"2023-11-09T21:56:26","modified_gmt":"2023-11-09T21:56:26","slug":"dragon-pottery-vazele","status":"publish","type":"product","link":"https:\/\/daiktaisuistorija.lt\/lt\/produktas\/dragon-pottery-vazele\/","title":{"rendered":"Dragon Pottery vazel\u0117"},"content":{"rendered":"<p>Miela m\u0117lyna vazel\u0117 pagaminta Velse, Dragon Pottery gamykloje.<\/p>\n<p>I\u0161matavimai:<br \/>Auk\u0161tis 8,5cm;<br \/>Skersmuo 9cm;<br \/>Kaklelio skersmuo 4,5cm.<\/p>\n<p>B\u016bkl\u0117 &#8211; labai gera.<\/p>","protected":false},"excerpt":{"rendered":"<p>Miela m\u0117lyna vazel\u0117 pagaminta Velse, Dragon Pottery gamykloje. I\u0161matavimai:Auk\u0161tis 8,5cm;Skersmuo 9cm;Kaklelio skersmuo 4,5cm. B\u016bkl\u0117 &#8211; labai gera.<\/p>","protected":false},"featured_media":7315,"template":"","meta":[],"product_cat":[61],"product_tag":[],"class_list":["post-8313","product","type-product","status-publish","has-post-thumbnail","hentry","product_cat-vazos-ir-vazonai"],"_links":{"self":[{"href":"https:\/\/daiktaisuistorija.lt\/lt\/wp-json\/wp\/v2\/product\/8313","targetHints":{"allow":["GET"]}}],"collection":[{"href":"https:\/\/daiktaisuistorija.lt\/lt\/wp-json\/wp\/v2\/product"}],"about":[{"href":"https:\/\/daiktaisuistorija.lt\/lt\/wp-json\/wp\/v2\/types\/product"}],"wp:featuredmedia":[{"embeddable":true,"href":"https:\/\/daiktaisuistorija.lt\/lt\/wp-json\/wp\/v2\/media\/7315"}],"wp:attachment":[{"href":"https:\/\/daiktaisuistorija.lt\/lt\/wp-json\/wp\/v2\/media?parent=8313"}],"wp:term":[{"taxonomy":"product_cat","embeddable":true,"href":"https:\/\/daiktaisuistorija.lt\/lt\/wp-json\/wp\/v2\/product_cat?post=8313"},{"taxonomy":"product_tag","embeddable":true,"href":"https:\/\/daiktaisuistorija.lt\/lt\/wp-json\/wp\/v2\/product_tag?post=8313"}],"curies":[{"name":"wp","href":"https:\/\/api.w.org\/{rel}","templated":true}]}}