{"id":8314,"date":"2023-10-24T15:01:23","date_gmt":"2023-10-24T15:01:23","guid":{"rendered":"https:\/\/daiktaisuistorija.lt\/?post_type=product&#038;p=8314"},"modified":"2024-03-06T21:18:35","modified_gmt":"2024-03-06T19:18:35","slug":"duralex-france-puodeliai","status":"publish","type":"product","link":"https:\/\/daiktaisuistorija.lt\/lt\/produktas\/duralex-france-puodeliai\/","title":{"rendered":"Duralex France puodeliai"},"content":{"rendered":"<p>Pranc\u016bzi\u0161ko dizaino puodeliai &#8211; stiklin\u0117s metaliniuose laikikliuose.<br \/>\nGalimas pirkimas ir po 1 vnt.<\/p>\n<p>T\u016bris 250ml.<\/p>\n<p>B\u016bkl\u0117 &#8211; labai gera.<\/p>\n<div><\/div>","protected":false},"excerpt":{"rendered":"<p>Pranc\u016bzi\u0161ko dizaino puodeliai &#8211; stiklin\u0117s metaliniuose laikikliuose. Galimas pirkimas ir po 1 vnt. T\u016bris 250ml. B\u016bkl\u0117 &#8211; labai gera.<\/p>","protected":false},"featured_media":7317,"template":"","meta":[],"product_cat":[118,50],"product_tag":[],"class_list":["post-8314","product","type-product","status-publish","has-post-thumbnail","hentry","product_cat-kaledos","product_cat-puodeliai"],"_links":{"self":[{"href":"https:\/\/daiktaisuistorija.lt\/lt\/wp-json\/wp\/v2\/product\/8314","targetHints":{"allow":["GET"]}}],"collection":[{"href":"https:\/\/daiktaisuistorija.lt\/lt\/wp-json\/wp\/v2\/product"}],"about":[{"href":"https:\/\/daiktaisuistorija.lt\/lt\/wp-json\/wp\/v2\/types\/product"}],"wp:featuredmedia":[{"embeddable":true,"href":"https:\/\/daiktaisuistorija.lt\/lt\/wp-json\/wp\/v2\/media\/7317"}],"wp:attachment":[{"href":"https:\/\/daiktaisuistorija.lt\/lt\/wp-json\/wp\/v2\/media?parent=8314"}],"wp:term":[{"taxonomy":"product_cat","embeddable":true,"href":"https:\/\/daiktaisuistorija.lt\/lt\/wp-json\/wp\/v2\/product_cat?post=8314"},{"taxonomy":"product_tag","embeddable":true,"href":"https:\/\/daiktaisuistorija.lt\/lt\/wp-json\/wp\/v2\/product_tag?post=8314"}],"curies":[{"name":"wp","href":"https:\/\/api.w.org\/{rel}","templated":true}]}}