{"id":8358,"date":"2023-10-24T15:01:58","date_gmt":"2023-10-24T15:01:58","guid":{"rendered":"https:\/\/daiktaisuistorija.lt\/?post_type=product&#038;p=8358"},"modified":"2023-11-09T21:43:56","modified_gmt":"2023-11-09T21:43:56","slug":"keramikiniai-ramekinai","status":"publish","type":"product","link":"https:\/\/daiktaisuistorija.lt\/lt\/produktas\/keramikiniai-ramekinai\/","title":{"rendered":"Keramikiniai ramekinai"},"content":{"rendered":"<p>Vinta\u017einiai keramikiniai ramekinai kepimui orkait\u0117je, u\u017ekand\u017ei\u0173 ir desert\u0173 serviravimui.<\/p>\n<p>I\u0161matavimai:<br \/>Skersmuo 8,5cm;<br \/>Auk\u0161tis 4cm.<\/p>\n<div>B\u016bkl\u0117 &#8211; labai gera.<\/div>","protected":false},"excerpt":{"rendered":"<p>Vinta\u017einiai keramikiniai ramekinai kepimui orkait\u0117je, u\u017ekand\u017ei\u0173 ir desert\u0173 serviravimui. I\u0161matavimai:Skersmuo 8,5cm;Auk\u0161tis 4cm. B\u016bkl\u0117 &#8211; labai gera.<\/p>","protected":false},"featured_media":7385,"template":"","meta":[],"product_cat":[86],"product_tag":[],"class_list":["post-8358","product","type-product","status-publish","has-post-thumbnail","hentry","product_cat-kepimo-formos"],"_links":{"self":[{"href":"https:\/\/daiktaisuistorija.lt\/lt\/wp-json\/wp\/v2\/product\/8358","targetHints":{"allow":["GET"]}}],"collection":[{"href":"https:\/\/daiktaisuistorija.lt\/lt\/wp-json\/wp\/v2\/product"}],"about":[{"href":"https:\/\/daiktaisuistorija.lt\/lt\/wp-json\/wp\/v2\/types\/product"}],"wp:featuredmedia":[{"embeddable":true,"href":"https:\/\/daiktaisuistorija.lt\/lt\/wp-json\/wp\/v2\/media\/7385"}],"wp:attachment":[{"href":"https:\/\/daiktaisuistorija.lt\/lt\/wp-json\/wp\/v2\/media?parent=8358"}],"wp:term":[{"taxonomy":"product_cat","embeddable":true,"href":"https:\/\/daiktaisuistorija.lt\/lt\/wp-json\/wp\/v2\/product_cat?post=8358"},{"taxonomy":"product_tag","embeddable":true,"href":"https:\/\/daiktaisuistorija.lt\/lt\/wp-json\/wp\/v2\/product_tag?post=8358"}],"curies":[{"name":"wp","href":"https:\/\/api.w.org\/{rel}","templated":true}]}}