{"id":8367,"date":"2023-10-24T15:01:59","date_gmt":"2023-10-24T15:01:59","guid":{"rendered":"https:\/\/daiktaisuistorija.lt\/?post_type=product&#038;p=8367"},"modified":"2023-11-07T10:14:03","modified_gmt":"2023-11-07T10:14:03","slug":"ketaus-keptuvele","status":"publish","type":"product","link":"https:\/\/daiktaisuistorija.lt\/lt\/produktas\/ketaus-keptuvele\/","title":{"rendered":"Ketaus keptuv\u0117l\u0117"},"content":{"rendered":"<p>Nediel\u0117 keptuv\u0117l\u0117 i\u0161 ketaus. Tinkama naudoti pada\u017eams, u\u017ekep\u0117l\u0117ms, kiau\u0161iniams kepti ir serviruoti.<\/p>\n<p>I\u0161matavimai:<br \/>Skersmuo 13cm;<br \/>Auk\u0161tis 2cm;<br \/>Ilgis su rankena 21cm.<\/p>\n<div>B\u016bkl\u0117 &#8211; puiki. <\/div>","protected":false},"excerpt":{"rendered":"<p>Nediel\u0117 keptuv\u0117l\u0117 i\u0161 ketaus. Tinkama naudoti pada\u017eams, u\u017ekep\u0117l\u0117ms, kiau\u0161iniams kepti ir serviruoti. I\u0161matavimai:Skersmuo 13cm;Auk\u0161tis 2cm;Ilgis su rankena 21cm. B\u016bkl\u0117 &#8211; puiki.<\/p>","protected":false},"featured_media":7401,"template":"","meta":[],"product_cat":[86,52],"product_tag":[],"class_list":["post-8367","product","type-product","status-publish","has-post-thumbnail","hentry","product_cat-kepimo-formos","product_cat-visi-daiktai"],"_links":{"self":[{"href":"https:\/\/daiktaisuistorija.lt\/lt\/wp-json\/wp\/v2\/product\/8367","targetHints":{"allow":["GET"]}}],"collection":[{"href":"https:\/\/daiktaisuistorija.lt\/lt\/wp-json\/wp\/v2\/product"}],"about":[{"href":"https:\/\/daiktaisuistorija.lt\/lt\/wp-json\/wp\/v2\/types\/product"}],"wp:featuredmedia":[{"embeddable":true,"href":"https:\/\/daiktaisuistorija.lt\/lt\/wp-json\/wp\/v2\/media\/7401"}],"wp:attachment":[{"href":"https:\/\/daiktaisuistorija.lt\/lt\/wp-json\/wp\/v2\/media?parent=8367"}],"wp:term":[{"taxonomy":"product_cat","embeddable":true,"href":"https:\/\/daiktaisuistorija.lt\/lt\/wp-json\/wp\/v2\/product_cat?post=8367"},{"taxonomy":"product_tag","embeddable":true,"href":"https:\/\/daiktaisuistorija.lt\/lt\/wp-json\/wp\/v2\/product_tag?post=8367"}],"curies":[{"name":"wp","href":"https:\/\/api.w.org\/{rel}","templated":true}]}}