{"id":8368,"date":"2023-10-24T15:01:59","date_gmt":"2023-10-24T15:01:59","guid":{"rendered":"https:\/\/daiktaisuistorija.lt\/?post_type=product&#038;p=8368"},"modified":"2023-10-24T15:02:05","modified_gmt":"2023-10-24T15:02:05","slug":"ketaus-padekliukas","status":"publish","type":"product","link":"https:\/\/daiktaisuistorija.lt\/lt\/produktas\/ketaus-padekliukas\/","title":{"rendered":"Ketaus pad\u0117kliukas"},"content":{"rendered":"<p>Vinta\u017einis pad\u0117kliukas i\u0161 ketaus kar\u0161tiems puodams pastatyti. Padengtas \u017ealiu emaliu.<\/p>\n<p>I\u0161matavimai:<br \/>Skersmuo 14cm.<\/p>\n<div>B\u016bkl\u0117 &#8211; gera. Yra am\u017eiaus po\u017eymi\u0173 (\u017ei\u016br\u0117ti nuotraukas).<\/div>\n<div><\/div>","protected":false},"excerpt":{"rendered":"<p>Vinta\u017einis pad\u0117kliukas i\u0161 ketaus kar\u0161tiems puodams pastatyti. Padengtas \u017ealiu emaliu. I\u0161matavimai:Skersmuo 14cm. B\u016bkl\u0117 &#8211; gera. Yra am\u017eiaus po\u017eymi\u0173 (\u017ei\u016br\u0117ti nuotraukas).<\/p>","protected":false},"featured_media":7403,"template":"","meta":[],"product_cat":[59],"product_tag":[],"class_list":["post-8368","product","type-product","status-publish","has-post-thumbnail","hentry","product_cat-serviravimo-indai"],"_links":{"self":[{"href":"https:\/\/daiktaisuistorija.lt\/lt\/wp-json\/wp\/v2\/product\/8368","targetHints":{"allow":["GET"]}}],"collection":[{"href":"https:\/\/daiktaisuistorija.lt\/lt\/wp-json\/wp\/v2\/product"}],"about":[{"href":"https:\/\/daiktaisuistorija.lt\/lt\/wp-json\/wp\/v2\/types\/product"}],"wp:featuredmedia":[{"embeddable":true,"href":"https:\/\/daiktaisuistorija.lt\/lt\/wp-json\/wp\/v2\/media\/7403"}],"wp:attachment":[{"href":"https:\/\/daiktaisuistorija.lt\/lt\/wp-json\/wp\/v2\/media?parent=8368"}],"wp:term":[{"taxonomy":"product_cat","embeddable":true,"href":"https:\/\/daiktaisuistorija.lt\/lt\/wp-json\/wp\/v2\/product_cat?post=8368"},{"taxonomy":"product_tag","embeddable":true,"href":"https:\/\/daiktaisuistorija.lt\/lt\/wp-json\/wp\/v2\/product_tag?post=8368"}],"curies":[{"name":"wp","href":"https:\/\/api.w.org\/{rel}","templated":true}]}}