{"id":8374,"date":"2023-10-24T15:01:59","date_gmt":"2023-10-24T15:01:59","guid":{"rendered":"https:\/\/daiktaisuistorija.lt\/?post_type=product&#038;p=8374"},"modified":"2023-11-09T21:07:49","modified_gmt":"2023-11-09T21:07:49","slug":"kingsbury-porcelianinis-puodelis","status":"publish","type":"product","link":"https:\/\/daiktaisuistorija.lt\/lt\/produktas\/kingsbury-porcelianinis-puodelis\/","title":{"rendered":"Kingsbury porcelianinis puodelis"},"content":{"rendered":"<p>Porcelianinis Kingsbury (Anglija) puodelis dekoruotas g\u0117l\u0117mis ir pauk\u0161teliais.<\/p>\n<p>T\u016bris 300ml.<\/p>\n<p>B\u016bkl\u0117 &#8211; labai gera. Viduje yra ne\u017eymi\u0173 naudojimo po\u017eymi\u0173.<\/p>","protected":false},"excerpt":{"rendered":"<p>Porcelianinis Kingsbury (Anglija) puodelis dekoruotas g\u0117l\u0117mis ir pauk\u0161teliais. T\u016bris 300ml. B\u016bkl\u0117 &#8211; labai gera. Viduje yra ne\u017eymi\u0173 naudojimo po\u017eymi\u0173.<\/p>","protected":false},"featured_media":7415,"template":"","meta":[],"product_cat":[50],"product_tag":[],"class_list":["post-8374","product","type-product","status-publish","has-post-thumbnail","hentry","product_cat-puodeliai"],"_links":{"self":[{"href":"https:\/\/daiktaisuistorija.lt\/lt\/wp-json\/wp\/v2\/product\/8374","targetHints":{"allow":["GET"]}}],"collection":[{"href":"https:\/\/daiktaisuistorija.lt\/lt\/wp-json\/wp\/v2\/product"}],"about":[{"href":"https:\/\/daiktaisuistorija.lt\/lt\/wp-json\/wp\/v2\/types\/product"}],"wp:featuredmedia":[{"embeddable":true,"href":"https:\/\/daiktaisuistorija.lt\/lt\/wp-json\/wp\/v2\/media\/7415"}],"wp:attachment":[{"href":"https:\/\/daiktaisuistorija.lt\/lt\/wp-json\/wp\/v2\/media?parent=8374"}],"wp:term":[{"taxonomy":"product_cat","embeddable":true,"href":"https:\/\/daiktaisuistorija.lt\/lt\/wp-json\/wp\/v2\/product_cat?post=8374"},{"taxonomy":"product_tag","embeddable":true,"href":"https:\/\/daiktaisuistorija.lt\/lt\/wp-json\/wp\/v2\/product_tag?post=8374"}],"curies":[{"name":"wp","href":"https:\/\/api.w.org\/{rel}","templated":true}]}}