{"id":8382,"date":"2023-10-24T15:02:09","date_gmt":"2023-10-24T15:02:09","guid":{"rendered":"https:\/\/daiktaisuistorija.lt\/?post_type=product&#038;p=8382"},"modified":"2023-11-09T21:07:19","modified_gmt":"2023-11-09T21:07:19","slug":"kobalto-melynos-porcelianinis-indelis","status":"publish","type":"product","link":"https:\/\/daiktaisuistorija.lt\/lt\/produktas\/kobalto-melynos-porcelianinis-indelis\/","title":{"rendered":"Kobalto m\u0117lynos porcelianinis indelis"},"content":{"rendered":"<p>Paauksuotas kobalto m\u0117lynos indelis su rankena.<br \/>Idealus pasirinkimas fondiu arba pada\u017e\u0173 serviravimui.<\/p>\n<p>I\u0161matavimai:<br \/>Skersmuo 14cm;<br \/>Auk\u0161tis 5cm;<br \/>Rankenos ilgis 13cm.<\/p>\n<p>B\u016bkl\u0117 &#8211; labai gera. Ne\u017eymus paauksavimo nusitrynimai, klij\u0173 perteklius. Tikriausiai indas ka\u017ekada turejo dangtel\u012f, ta\u010diau jis nei\u0161liko.<\/p>\n<div><\/div>","protected":false},"excerpt":{"rendered":"<p>Paauksuotas kobalto m\u0117lynos indelis su rankena.Idealus pasirinkimas fondiu arba pada\u017e\u0173 serviravimui. I\u0161matavimai:Skersmuo 14cm;Auk\u0161tis 5cm;Rankenos ilgis 13cm. B\u016bkl\u0117 &#8211; labai gera. Ne\u017eymus paauksavimo nusitrynimai, klij\u0173 perteklius. Tikriausiai indas ka\u017ekada turejo dangtel\u012f, ta\u010diau jis nei\u0161liko.<\/p>","protected":false},"featured_media":7425,"template":"","meta":[],"product_cat":[59],"product_tag":[],"class_list":["post-8382","product","type-product","status-publish","has-post-thumbnail","hentry","product_cat-serviravimo-indai"],"_links":{"self":[{"href":"https:\/\/daiktaisuistorija.lt\/lt\/wp-json\/wp\/v2\/product\/8382","targetHints":{"allow":["GET"]}}],"collection":[{"href":"https:\/\/daiktaisuistorija.lt\/lt\/wp-json\/wp\/v2\/product"}],"about":[{"href":"https:\/\/daiktaisuistorija.lt\/lt\/wp-json\/wp\/v2\/types\/product"}],"wp:featuredmedia":[{"embeddable":true,"href":"https:\/\/daiktaisuistorija.lt\/lt\/wp-json\/wp\/v2\/media\/7425"}],"wp:attachment":[{"href":"https:\/\/daiktaisuistorija.lt\/lt\/wp-json\/wp\/v2\/media?parent=8382"}],"wp:term":[{"taxonomy":"product_cat","embeddable":true,"href":"https:\/\/daiktaisuistorija.lt\/lt\/wp-json\/wp\/v2\/product_cat?post=8382"},{"taxonomy":"product_tag","embeddable":true,"href":"https:\/\/daiktaisuistorija.lt\/lt\/wp-json\/wp\/v2\/product_tag?post=8382"}],"curies":[{"name":"wp","href":"https:\/\/api.w.org\/{rel}","templated":true}]}}