{"id":8388,"date":"2023-10-24T15:02:10","date_gmt":"2023-10-24T15:02:10","guid":{"rendered":"https:\/\/daiktaisuistorija.lt\/?post_type=product&#038;p=8388"},"modified":"2024-02-15T13:20:36","modified_gmt":"2024-02-15T11:20:36","slug":"kristoline-pelenine-su-alavine-dekoracija","status":"publish","type":"product","link":"https:\/\/daiktaisuistorija.lt\/lt\/produktas\/kristoline-pelenine-su-alavine-dekoracija\/","title":{"rendered":"Kri\u0161tolin\u0117 pelenin\u0117 su alavine dekoracija"},"content":{"rendered":"<p>Sunki kri\u0161tolin\u0117 pelenin\u0117 su alavo g\u0117lyte per vidur\u012f. Puikiai atrodyt\u0173 ir naudojama kaip l\u0117k\u0161tel\u0117 papuo\u0161alams pasid\u0117ti.<\/p>\n<p>I\u0161matavimai:<br \/>Skersmuo 12cm;<br \/>Auk\u0161tis 3cm.<\/p>\n<p>B\u016bkl\u0117 &#8211; labai gera.<\/p>\n<div><\/div>","protected":false},"excerpt":{"rendered":"<p>Sunki kri\u0161tolin\u0117 pelenin\u0117 su alavo g\u0117lyte per vidur\u012f. Puikiai atrodyt\u0173 ir naudojama kaip l\u0117k\u0161tel\u0117 papuo\u0161alams pasid\u0117ti. I\u0161matavimai:Skersmuo 12cm;Auk\u0161tis 3cm. B\u016bkl\u0117 &#8211; labai gera.<\/p>","protected":false},"featured_media":7436,"template":"","meta":[],"product_cat":[74,118,63,52],"product_tag":[],"class_list":["post-8388","product","type-product","status-publish","has-post-thumbnail","hentry","product_cat-dezutes-papuosalams","product_cat-kaledos","product_cat-lekstes-ir-dubeneliai","product_cat-visi-daiktai"],"_links":{"self":[{"href":"https:\/\/daiktaisuistorija.lt\/lt\/wp-json\/wp\/v2\/product\/8388","targetHints":{"allow":["GET"]}}],"collection":[{"href":"https:\/\/daiktaisuistorija.lt\/lt\/wp-json\/wp\/v2\/product"}],"about":[{"href":"https:\/\/daiktaisuistorija.lt\/lt\/wp-json\/wp\/v2\/types\/product"}],"wp:featuredmedia":[{"embeddable":true,"href":"https:\/\/daiktaisuistorija.lt\/lt\/wp-json\/wp\/v2\/media\/7436"}],"wp:attachment":[{"href":"https:\/\/daiktaisuistorija.lt\/lt\/wp-json\/wp\/v2\/media?parent=8388"}],"wp:term":[{"taxonomy":"product_cat","embeddable":true,"href":"https:\/\/daiktaisuistorija.lt\/lt\/wp-json\/wp\/v2\/product_cat?post=8388"},{"taxonomy":"product_tag","embeddable":true,"href":"https:\/\/daiktaisuistorija.lt\/lt\/wp-json\/wp\/v2\/product_tag?post=8388"}],"curies":[{"name":"wp","href":"https:\/\/api.w.org\/{rel}","templated":true}]}}