{"id":8392,"date":"2023-10-24T15:02:11","date_gmt":"2023-10-24T15:02:11","guid":{"rendered":"https:\/\/daiktaisuistorija.lt\/?post_type=product&#038;p=8392"},"modified":"2023-11-09T22:20:49","modified_gmt":"2023-11-09T22:20:49","slug":"languota-staltiese","status":"publish","type":"product","link":"https:\/\/daiktaisuistorija.lt\/lt\/produktas\/languota-staltiese\/","title":{"rendered":"Languota stalties\u0117"},"content":{"rendered":"<p>Vinta\u017ein\u0117 m\u0117lyna languota stalties\u0117. 100% medviln\u0117. <\/p>\n<p>I\u0161matavimai: 117x217cm<\/p>\n<div>B\u016bkl\u0117 &#8211; labai gera. Blogojoje pus\u0117je yra \u012fkirpimas ant u\u017elenkimo, kurio i\u0161 gerosios pus\u0117s nesimato.<\/div>","protected":false},"excerpt":{"rendered":"<p>Vinta\u017ein\u0117 m\u0117lyna languota stalties\u0117. 100% medviln\u0117. I\u0161matavimai: 117x217cm B\u016bkl\u0117 &#8211; labai gera. Blogojoje pus\u0117je yra \u012fkirpimas ant u\u017elenkimo, kurio i\u0161 gerosios pus\u0117s nesimato.<\/p>","protected":false},"featured_media":7442,"template":"","meta":[],"product_cat":[67],"product_tag":[],"class_list":["post-8392","product","type-product","status-publish","has-post-thumbnail","hentry","product_cat-tekstile"],"_links":{"self":[{"href":"https:\/\/daiktaisuistorija.lt\/lt\/wp-json\/wp\/v2\/product\/8392","targetHints":{"allow":["GET"]}}],"collection":[{"href":"https:\/\/daiktaisuistorija.lt\/lt\/wp-json\/wp\/v2\/product"}],"about":[{"href":"https:\/\/daiktaisuistorija.lt\/lt\/wp-json\/wp\/v2\/types\/product"}],"wp:featuredmedia":[{"embeddable":true,"href":"https:\/\/daiktaisuistorija.lt\/lt\/wp-json\/wp\/v2\/media\/7442"}],"wp:attachment":[{"href":"https:\/\/daiktaisuistorija.lt\/lt\/wp-json\/wp\/v2\/media?parent=8392"}],"wp:term":[{"taxonomy":"product_cat","embeddable":true,"href":"https:\/\/daiktaisuistorija.lt\/lt\/wp-json\/wp\/v2\/product_cat?post=8392"},{"taxonomy":"product_tag","embeddable":true,"href":"https:\/\/daiktaisuistorija.lt\/lt\/wp-json\/wp\/v2\/product_tag?post=8392"}],"curies":[{"name":"wp","href":"https:\/\/api.w.org\/{rel}","templated":true}]}}