{"id":8393,"date":"2023-10-24T15:02:11","date_gmt":"2023-10-24T15:02:11","guid":{"rendered":"https:\/\/daiktaisuistorija.lt\/?post_type=product&#038;p=8393"},"modified":"2025-05-30T22:50:47","modified_gmt":"2025-05-30T19:50:47","slug":"lekste-palaikanti-maisto-siluma","status":"publish","type":"product","link":"https:\/\/daiktaisuistorija.lt\/lt\/produktas\/lekste-palaikanti-maisto-siluma\/","title":{"rendered":"L\u0117k\u0161t\u0117 palaikanti maisto \u0161ilum\u0105"},"content":{"rendered":"<p>I\u0161skirtinis daiktas! Pro vir\u0161uje esan\u010di\u0105 skylut\u0119 l\u0117k\u0161t\u0117s vidin\u0117 ertm\u0117 pripildoma kar\u0161to vandens ir tokiu b\u016bdu palaikoma l\u0117k\u0161t\u0117je esan\u010dio maisto temperat\u016bra.<br \/>Limoges porcelianas, tapyba rankomis.<\/p>\n<p>I\u0161matavimai:<br \/>Skersmuo 17,5cm;<br \/>Auk\u0161tis 5,5cm.<\/p>\n<p>B\u016bkl\u0117 &#8211; labai gera. Tr\u016bksta kam\u0161telio skylutei u\u017edengti, vietoje jo galima panaudoti vyno kam\u0161t\u012f ar kitaip k\u016brybi\u0161kai i\u0161spr\u0119sti \u0161i\u0105 problem\u0105.<\/p>","protected":false},"excerpt":{"rendered":"<ol>\n<li><\/li>\n<\/ol>","protected":false},"featured_media":7444,"template":"","meta":[],"product_cat":[84,63,59,52],"product_tag":[],"class_list":["post-8393","product","type-product","status-publish","has-post-thumbnail","hentry","product_cat-ispardavimas","product_cat-lekstes-ir-dubeneliai","product_cat-serviravimo-indai","product_cat-visi-daiktai"],"_links":{"self":[{"href":"https:\/\/daiktaisuistorija.lt\/lt\/wp-json\/wp\/v2\/product\/8393","targetHints":{"allow":["GET"]}}],"collection":[{"href":"https:\/\/daiktaisuistorija.lt\/lt\/wp-json\/wp\/v2\/product"}],"about":[{"href":"https:\/\/daiktaisuistorija.lt\/lt\/wp-json\/wp\/v2\/types\/product"}],"wp:featuredmedia":[{"embeddable":true,"href":"https:\/\/daiktaisuistorija.lt\/lt\/wp-json\/wp\/v2\/media\/7444"}],"wp:attachment":[{"href":"https:\/\/daiktaisuistorija.lt\/lt\/wp-json\/wp\/v2\/media?parent=8393"}],"wp:term":[{"taxonomy":"product_cat","embeddable":true,"href":"https:\/\/daiktaisuistorija.lt\/lt\/wp-json\/wp\/v2\/product_cat?post=8393"},{"taxonomy":"product_tag","embeddable":true,"href":"https:\/\/daiktaisuistorija.lt\/lt\/wp-json\/wp\/v2\/product_tag?post=8393"}],"curies":[{"name":"wp","href":"https:\/\/api.w.org\/{rel}","templated":true}]}}