{"id":8402,"date":"2023-10-24T15:02:12","date_gmt":"2023-10-24T15:02:12","guid":{"rendered":"https:\/\/daiktaisuistorija.lt\/?post_type=product&#038;p=8402"},"modified":"2023-11-07T10:39:28","modified_gmt":"2023-11-07T10:39:28","slug":"linines-siuvinetos-serveteles","status":"publish","type":"product","link":"https:\/\/daiktaisuistorija.lt\/lt\/produktas\/linines-siuvinetos-serveteles\/","title":{"rendered":"Linin\u0117s siuvin\u0117tos servet\u0117l\u0117s"},"content":{"rendered":"<p>Didel\u0117s, dailios servet\u0117l\u0117s.<\/p>\n<p>I\u0161matavimai:<br \/>35x33cm.<\/p>\n<p>B\u016bkl\u0117 &#8211; puiki.<\/p>","protected":false},"excerpt":{"rendered":"<p>Didel\u0117s, dailios servet\u0117l\u0117s. I\u0161matavimai:35x33cm. B\u016bkl\u0117 &#8211; puiki.<\/p>","protected":false},"featured_media":7462,"template":"","meta":[],"product_cat":[67,52],"product_tag":[],"class_list":["post-8402","product","type-product","status-publish","has-post-thumbnail","hentry","product_cat-tekstile","product_cat-visi-daiktai"],"_links":{"self":[{"href":"https:\/\/daiktaisuistorija.lt\/lt\/wp-json\/wp\/v2\/product\/8402","targetHints":{"allow":["GET"]}}],"collection":[{"href":"https:\/\/daiktaisuistorija.lt\/lt\/wp-json\/wp\/v2\/product"}],"about":[{"href":"https:\/\/daiktaisuistorija.lt\/lt\/wp-json\/wp\/v2\/types\/product"}],"wp:featuredmedia":[{"embeddable":true,"href":"https:\/\/daiktaisuistorija.lt\/lt\/wp-json\/wp\/v2\/media\/7462"}],"wp:attachment":[{"href":"https:\/\/daiktaisuistorija.lt\/lt\/wp-json\/wp\/v2\/media?parent=8402"}],"wp:term":[{"taxonomy":"product_cat","embeddable":true,"href":"https:\/\/daiktaisuistorija.lt\/lt\/wp-json\/wp\/v2\/product_cat?post=8402"},{"taxonomy":"product_tag","embeddable":true,"href":"https:\/\/daiktaisuistorija.lt\/lt\/wp-json\/wp\/v2\/product_tag?post=8402"}],"curies":[{"name":"wp","href":"https:\/\/api.w.org\/{rel}","templated":true}]}}