{"id":8407,"date":"2023-10-24T15:02:13","date_gmt":"2023-10-24T15:02:13","guid":{"rendered":"https:\/\/daiktaisuistorija.lt\/?post_type=product&#038;p=8407"},"modified":"2023-12-10T22:47:05","modified_gmt":"2023-12-10T20:47:05","slug":"marinistinis-paveikslelis-1","status":"publish","type":"product","link":"https:\/\/daiktaisuistorija.lt\/lt\/produktas\/marinistinis-paveikslelis-1\/","title":{"rendered":"Marinistinis paveiksl\u0117lis #1"},"content":{"rendered":"<p>Labai dailiai \u012fr\u0117minas marinistinis paveiksl\u0117lis.<\/p>\n<p>I\u0161matavimai: 22x17cm.<\/p>\n<p>B\u016bkl\u0117 &#8211; puiki.<\/p>","protected":false},"excerpt":{"rendered":"<p>Labai dailiai \u012fr\u0117minas marinistinis paveiksl\u0117lis. I\u0161matavimai: 22x17cm. B\u016bkl\u0117 &#8211; puiki.<\/p>","protected":false},"featured_media":7472,"template":"","meta":[],"product_cat":[84,79,52],"product_tag":[],"class_list":["post-8407","product","type-product","status-publish","has-post-thumbnail","hentry","product_cat-ispardavimas","product_cat-paveikslai","product_cat-visi-daiktai"],"_links":{"self":[{"href":"https:\/\/daiktaisuistorija.lt\/lt\/wp-json\/wp\/v2\/product\/8407","targetHints":{"allow":["GET"]}}],"collection":[{"href":"https:\/\/daiktaisuistorija.lt\/lt\/wp-json\/wp\/v2\/product"}],"about":[{"href":"https:\/\/daiktaisuistorija.lt\/lt\/wp-json\/wp\/v2\/types\/product"}],"wp:featuredmedia":[{"embeddable":true,"href":"https:\/\/daiktaisuistorija.lt\/lt\/wp-json\/wp\/v2\/media\/7472"}],"wp:attachment":[{"href":"https:\/\/daiktaisuistorija.lt\/lt\/wp-json\/wp\/v2\/media?parent=8407"}],"wp:term":[{"taxonomy":"product_cat","embeddable":true,"href":"https:\/\/daiktaisuistorija.lt\/lt\/wp-json\/wp\/v2\/product_cat?post=8407"},{"taxonomy":"product_tag","embeddable":true,"href":"https:\/\/daiktaisuistorija.lt\/lt\/wp-json\/wp\/v2\/product_tag?post=8407"}],"curies":[{"name":"wp","href":"https:\/\/api.w.org\/{rel}","templated":true}]}}