{"id":8409,"date":"2023-10-24T15:02:13","date_gmt":"2023-10-24T15:02:13","guid":{"rendered":"https:\/\/daiktaisuistorija.lt\/?post_type=product&#038;p=8409"},"modified":"2024-04-10T19:49:47","modified_gmt":"2024-04-10T16:49:47","slug":"marlborough-old-english-leksciu-komplektas","status":"publish","type":"product","link":"https:\/\/daiktaisuistorija.lt\/lt\/produktas\/marlborough-old-english-leksciu-komplektas\/","title":{"rendered":"Marlborough Old English l\u0117k\u0161\u010di\u0173 komplektas"},"content":{"rendered":"<p>Marborough Old English l\u0117k\u0161\u010di\u0173 komplektas, kur\u012f sudaro 2 vnt. pailg\u0173 l\u0117k\u0161\u010di\u0173 ir 4 vnt. apvali\u0173 l\u0117k\u0161\u010di\u0173. Komplektas idealiai tinka u\u017ekand\u017ei\u0173, \u017euvies patiekal\u0173 serviravimui.<\/p>\n<p>I\u0161matavimai:<br \/>Apvalios l\u0117k\u0161t\u0117s &#8211; skersmuo 20cm;<br \/>Ovalios l\u0117k\u0161t\u0117s &#8211; Ilgis 25,5cm, plotis 14cm.<\/p>\n<p>B\u016bkl\u0117 &#8211; gera. Glaz\u016bra suai\u017eiojusi, tai pasimato tik tuomet, kai indai sudr\u0117ksta.<\/p>\n<div><\/div>","protected":false},"excerpt":{"rendered":"<p>Marborough Old English l\u0117k\u0161\u010di\u0173 komplektas, kur\u012f sudaro 2 vnt. pailg\u0173 l\u0117k\u0161\u010di\u0173 ir 4 vnt. apvali\u0173 l\u0117k\u0161\u010di\u0173. Komplektas idealiai tinka u\u017ekand\u017ei\u0173, \u017euvies patiekal\u0173 serviravimui. I\u0161matavimai:Apvalios l\u0117k\u0161t\u0117s &#8211; skersmuo 20cm;Ovalios l\u0117k\u0161t\u0117s &#8211; Ilgis 25,5cm, plotis 14cm. B\u016bkl\u0117 &#8211; gera. Glaz\u016bra suai\u017eiojusi, tai pasimato tik tuomet, kai indai sudr\u0117ksta.<\/p>","protected":false},"featured_media":7476,"template":"","meta":[],"product_cat":[118,63,52],"product_tag":[],"class_list":["post-8409","product","type-product","status-publish","has-post-thumbnail","hentry","product_cat-kaledos","product_cat-lekstes-ir-dubeneliai","product_cat-visi-daiktai"],"_links":{"self":[{"href":"https:\/\/daiktaisuistorija.lt\/lt\/wp-json\/wp\/v2\/product\/8409","targetHints":{"allow":["GET"]}}],"collection":[{"href":"https:\/\/daiktaisuistorija.lt\/lt\/wp-json\/wp\/v2\/product"}],"about":[{"href":"https:\/\/daiktaisuistorija.lt\/lt\/wp-json\/wp\/v2\/types\/product"}],"wp:featuredmedia":[{"embeddable":true,"href":"https:\/\/daiktaisuistorija.lt\/lt\/wp-json\/wp\/v2\/media\/7476"}],"wp:attachment":[{"href":"https:\/\/daiktaisuistorija.lt\/lt\/wp-json\/wp\/v2\/media?parent=8409"}],"wp:term":[{"taxonomy":"product_cat","embeddable":true,"href":"https:\/\/daiktaisuistorija.lt\/lt\/wp-json\/wp\/v2\/product_cat?post=8409"},{"taxonomy":"product_tag","embeddable":true,"href":"https:\/\/daiktaisuistorija.lt\/lt\/wp-json\/wp\/v2\/product_tag?post=8409"}],"curies":[{"name":"wp","href":"https:\/\/api.w.org\/{rel}","templated":true}]}}