{"id":8416,"date":"2023-10-24T15:02:25","date_gmt":"2023-10-24T15:02:25","guid":{"rendered":"https:\/\/daiktaisuistorija.lt\/?post_type=product&#038;p=8416"},"modified":"2024-01-30T11:02:54","modified_gmt":"2024-01-30T09:02:54","slug":"matavimo-sauksteliai","status":"publish","type":"product","link":"https:\/\/daiktaisuistorija.lt\/lt\/produktas\/matavimo-sauksteliai\/","title":{"rendered":"Matavimo \u0161auk\u0161teliai"},"content":{"rendered":"<p>Miela matavimo \u0161auk\u0161teli\u0173 porel\u0117.<br \/>Vienas 1\/2 tsp., kitas 1\/4 tsp.<\/p>\n<p>B\u016bkl\u0117 &#8211; labai gera.<\/p>","protected":false},"excerpt":{"rendered":"<p>Miela matavimo \u0161auk\u0161teli\u0173 porel\u0117.Vienas 1\/2 tsp., kitas 1\/4 tsp. B\u016bkl\u0117 &#8211; labai gera.<\/p>","protected":false},"featured_media":7484,"template":"","meta":[],"product_cat":[64,52],"product_tag":[],"class_list":["post-8416","product","type-product","status-publish","has-post-thumbnail","hentry","product_cat-stalo-irankiai","product_cat-visi-daiktai"],"_links":{"self":[{"href":"https:\/\/daiktaisuistorija.lt\/lt\/wp-json\/wp\/v2\/product\/8416","targetHints":{"allow":["GET"]}}],"collection":[{"href":"https:\/\/daiktaisuistorija.lt\/lt\/wp-json\/wp\/v2\/product"}],"about":[{"href":"https:\/\/daiktaisuistorija.lt\/lt\/wp-json\/wp\/v2\/types\/product"}],"wp:featuredmedia":[{"embeddable":true,"href":"https:\/\/daiktaisuistorija.lt\/lt\/wp-json\/wp\/v2\/media\/7484"}],"wp:attachment":[{"href":"https:\/\/daiktaisuistorija.lt\/lt\/wp-json\/wp\/v2\/media?parent=8416"}],"wp:term":[{"taxonomy":"product_cat","embeddable":true,"href":"https:\/\/daiktaisuistorija.lt\/lt\/wp-json\/wp\/v2\/product_cat?post=8416"},{"taxonomy":"product_tag","embeddable":true,"href":"https:\/\/daiktaisuistorija.lt\/lt\/wp-json\/wp\/v2\/product_tag?post=8416"}],"curies":[{"name":"wp","href":"https:\/\/api.w.org\/{rel}","templated":true}]}}