{"id":8419,"date":"2023-10-24T15:02:25","date_gmt":"2023-10-24T15:02:25","guid":{"rendered":"https:\/\/daiktaisuistorija.lt\/?post_type=product&#038;p=8419"},"modified":"2024-07-29T16:41:08","modified_gmt":"2024-07-29T13:41:08","slug":"medines-peter-rabbit-knygu-atrameles","status":"publish","type":"product","link":"https:\/\/daiktaisuistorija.lt\/lt\/produktas\/medines-peter-rabbit-knygu-atrameles\/","title":{"rendered":"Medin\u0117s \u201ePeter Rabbit\u201c knyg\u0173 atram\u0117l\u0117s"},"content":{"rendered":"<p>Medin\u0117s knyg\u0173 atram\u0117l\u0117s dekoruotos Beatrix Potter pasakos \u201ePeter Rabbit\u201c motyvais.<\/p>\n<p>I\u0161matavimai:<br \/>Auk\u0161tis 15cm;<br \/>Ilgis 14cm;<br \/>Plotis 11cm.<\/p>\n<p>B\u016bkl\u0117 &#8211; labai gera. <\/p><\/p>","protected":false},"excerpt":{"rendered":"<p>Medin\u0117s knyg\u0173 atram\u0117l\u0117s dekoruotos Beatrix Potter pasakos \u201ePeter Rabbit\u201c motyvais. I\u0161matavimai:Auk\u0161tis 15cm;Ilgis 14cm;Plotis 11cm. B\u016bkl\u0117 &#8211; labai gera.<\/p>","protected":false},"featured_media":7490,"template":"","meta":[],"product_cat":[57,52],"product_tag":[],"class_list":["post-8419","product","type-product","status-publish","has-post-thumbnail","hentry","product_cat-vaikams","product_cat-visi-daiktai"],"_links":{"self":[{"href":"https:\/\/daiktaisuistorija.lt\/lt\/wp-json\/wp\/v2\/product\/8419","targetHints":{"allow":["GET"]}}],"collection":[{"href":"https:\/\/daiktaisuistorija.lt\/lt\/wp-json\/wp\/v2\/product"}],"about":[{"href":"https:\/\/daiktaisuistorija.lt\/lt\/wp-json\/wp\/v2\/types\/product"}],"wp:featuredmedia":[{"embeddable":true,"href":"https:\/\/daiktaisuistorija.lt\/lt\/wp-json\/wp\/v2\/media\/7490"}],"wp:attachment":[{"href":"https:\/\/daiktaisuistorija.lt\/lt\/wp-json\/wp\/v2\/media?parent=8419"}],"wp:term":[{"taxonomy":"product_cat","embeddable":true,"href":"https:\/\/daiktaisuistorija.lt\/lt\/wp-json\/wp\/v2\/product_cat?post=8419"},{"taxonomy":"product_tag","embeddable":true,"href":"https:\/\/daiktaisuistorija.lt\/lt\/wp-json\/wp\/v2\/product_tag?post=8419"}],"curies":[{"name":"wp","href":"https:\/\/api.w.org\/{rel}","templated":true}]}}