{"id":8427,"date":"2023-10-24T15:02:26","date_gmt":"2023-10-24T15:02:26","guid":{"rendered":"https:\/\/daiktaisuistorija.lt\/?post_type=product&#038;p=8427"},"modified":"2023-11-07T10:39:26","modified_gmt":"2023-11-07T10:39:26","slug":"melynas-indelis","status":"publish","type":"product","link":"https:\/\/daiktaisuistorija.lt\/lt\/produktas\/melynas-indelis\/","title":{"rendered":"M\u0117lynas indelis"},"content":{"rendered":"<p>Keramikinis indelis pagamintas Anglijoje. Galima d\u0117ti \u012f orkait\u0119 ir plauti indaplov\u0117je. Tinka tiek maisto gaminimui kaip kepimo indas, tiek \u012fvairi\u0173 virtuv\u0117s rakand\u0173 laikymui ar net kaip vazon\u0117lis.<\/p>\n<p>I\u0161matavimai:<br \/>Auk\u0161tis 9cm;<br \/>Skersmuo 10cm.<\/p>\n<p>B\u016bkl\u0117 &#8211; labai gera. Yra ne\u017eymus glaz\u016bros nuskilimas pa\u010dioje apa\u010dioje (viduje ir i\u0161or\u0117je).<\/p>\n<p><\/p>","protected":false},"excerpt":{"rendered":"<p>Keramikinis indelis pagamintas Anglijoje. Galima d\u0117ti \u012f orkait\u0119 ir plauti indaplov\u0117je. Tinka tiek maisto gaminimui kaip kepimo indas, tiek \u012fvairi\u0173 virtuv\u0117s rakand\u0173 laikymui ar net kaip vazon\u0117lis. I\u0161matavimai:Auk\u0161tis 9cm;Skersmuo 10cm. B\u016bkl\u0117 &#8211; labai gera. Yra ne\u017eymus glaz\u016bros nuskilimas pa\u010dioje apa\u010dioje (viduje ir i\u0161or\u0117je).<\/p>","protected":false},"featured_media":7506,"template":"","meta":[],"product_cat":[61,52],"product_tag":[],"class_list":["post-8427","product","type-product","status-publish","has-post-thumbnail","hentry","product_cat-vazos-ir-vazonai","product_cat-visi-daiktai"],"_links":{"self":[{"href":"https:\/\/daiktaisuistorija.lt\/lt\/wp-json\/wp\/v2\/product\/8427","targetHints":{"allow":["GET"]}}],"collection":[{"href":"https:\/\/daiktaisuistorija.lt\/lt\/wp-json\/wp\/v2\/product"}],"about":[{"href":"https:\/\/daiktaisuistorija.lt\/lt\/wp-json\/wp\/v2\/types\/product"}],"wp:featuredmedia":[{"embeddable":true,"href":"https:\/\/daiktaisuistorija.lt\/lt\/wp-json\/wp\/v2\/media\/7506"}],"wp:attachment":[{"href":"https:\/\/daiktaisuistorija.lt\/lt\/wp-json\/wp\/v2\/media?parent=8427"}],"wp:term":[{"taxonomy":"product_cat","embeddable":true,"href":"https:\/\/daiktaisuistorija.lt\/lt\/wp-json\/wp\/v2\/product_cat?post=8427"},{"taxonomy":"product_tag","embeddable":true,"href":"https:\/\/daiktaisuistorija.lt\/lt\/wp-json\/wp\/v2\/product_tag?post=8427"}],"curies":[{"name":"wp","href":"https:\/\/api.w.org\/{rel}","templated":true}]}}