{"id":8428,"date":"2023-10-24T15:02:26","date_gmt":"2023-10-24T15:02:26","guid":{"rendered":"https:\/\/daiktaisuistorija.lt\/?post_type=product&#038;p=8428"},"modified":"2024-01-30T11:02:53","modified_gmt":"2024-01-30T09:02:53","slug":"melyno-stiklo-lekste","status":"publish","type":"product","link":"https:\/\/daiktaisuistorija.lt\/lt\/produktas\/melyno-stiklo-lekste\/","title":{"rendered":"M\u0117lyno stiklo l\u0117k\u0161t\u0117"},"content":{"rendered":"<p>Labai gra\u017eios formos l\u0117k\u0161t\u0117\/pad\u0117klas.<\/p>\n<p>I\u0161matavimai:<br \/>Ilgis 31cm;<br \/>Plotis 21cm;<br \/>Auk\u0161tis 2cm.<\/p>\n<p>B\u016bkl\u0117 &#8211; labai gera.<\/p>","protected":false},"excerpt":{"rendered":"<p>Labai gra\u017eios formos l\u0117k\u0161t\u0117\/pad\u0117klas. I\u0161matavimai:Ilgis 31cm;Plotis 21cm;Auk\u0161tis 2cm. B\u016bkl\u0117 &#8211; labai gera.<\/p>","protected":false},"featured_media":7508,"template":"","meta":[],"product_cat":[84,63,80,52],"product_tag":[],"class_list":["post-8428","product","type-product","status-publish","has-post-thumbnail","hentry","product_cat-ispardavimas","product_cat-lekstes-ir-dubeneliai","product_cat-padeklai","product_cat-visi-daiktai"],"_links":{"self":[{"href":"https:\/\/daiktaisuistorija.lt\/lt\/wp-json\/wp\/v2\/product\/8428","targetHints":{"allow":["GET"]}}],"collection":[{"href":"https:\/\/daiktaisuistorija.lt\/lt\/wp-json\/wp\/v2\/product"}],"about":[{"href":"https:\/\/daiktaisuistorija.lt\/lt\/wp-json\/wp\/v2\/types\/product"}],"wp:featuredmedia":[{"embeddable":true,"href":"https:\/\/daiktaisuistorija.lt\/lt\/wp-json\/wp\/v2\/media\/7508"}],"wp:attachment":[{"href":"https:\/\/daiktaisuistorija.lt\/lt\/wp-json\/wp\/v2\/media?parent=8428"}],"wp:term":[{"taxonomy":"product_cat","embeddable":true,"href":"https:\/\/daiktaisuistorija.lt\/lt\/wp-json\/wp\/v2\/product_cat?post=8428"},{"taxonomy":"product_tag","embeddable":true,"href":"https:\/\/daiktaisuistorija.lt\/lt\/wp-json\/wp\/v2\/product_tag?post=8428"}],"curies":[{"name":"wp","href":"https:\/\/api.w.org\/{rel}","templated":true}]}}