{"id":8436,"date":"2023-10-24T15:02:27","date_gmt":"2023-10-24T15:02:27","guid":{"rendered":"https:\/\/daiktaisuistorija.lt\/?post_type=product&#038;p=8436"},"modified":"2023-12-08T15:53:06","modified_gmt":"2023-12-08T13:53:06","slug":"modernaus-dizaino-zvakide","status":"publish","type":"product","link":"https:\/\/daiktaisuistorija.lt\/lt\/produktas\/modernaus-dizaino-zvakide\/","title":{"rendered":"Modernaus dizaino \u017evakid\u0117"},"content":{"rendered":"<p>Juoda didel\u0117 \u017evakid\u0117 4-ioms \u017evak\u0117ms.<\/p>\n<p>I\u0161matavimai:<br \/>Ilgis 32cm;<br \/>Auk\u0161tis 19cm.<\/p>\n<p>B\u016bkl\u0117 &#8211; labai gera.<\/p>\n<div><\/div>","protected":false},"excerpt":{"rendered":"<p>Juoda didel\u0117 \u017evakid\u0117 4-ioms \u017evak\u0117ms. I\u0161matavimai:Ilgis 32cm;Auk\u0161tis 19cm. B\u016bkl\u0117 &#8211; labai gera.<\/p>","protected":false},"featured_media":7520,"template":"","meta":[],"product_cat":[118,70],"product_tag":[],"class_list":["post-8436","product","type-product","status-publish","has-post-thumbnail","hentry","product_cat-kaledos","product_cat-zvakides-ir-sviestuvai"],"_links":{"self":[{"href":"https:\/\/daiktaisuistorija.lt\/lt\/wp-json\/wp\/v2\/product\/8436","targetHints":{"allow":["GET"]}}],"collection":[{"href":"https:\/\/daiktaisuistorija.lt\/lt\/wp-json\/wp\/v2\/product"}],"about":[{"href":"https:\/\/daiktaisuistorija.lt\/lt\/wp-json\/wp\/v2\/types\/product"}],"wp:featuredmedia":[{"embeddable":true,"href":"https:\/\/daiktaisuistorija.lt\/lt\/wp-json\/wp\/v2\/media\/7520"}],"wp:attachment":[{"href":"https:\/\/daiktaisuistorija.lt\/lt\/wp-json\/wp\/v2\/media?parent=8436"}],"wp:term":[{"taxonomy":"product_cat","embeddable":true,"href":"https:\/\/daiktaisuistorija.lt\/lt\/wp-json\/wp\/v2\/product_cat?post=8436"},{"taxonomy":"product_tag","embeddable":true,"href":"https:\/\/daiktaisuistorija.lt\/lt\/wp-json\/wp\/v2\/product_tag?post=8436"}],"curies":[{"name":"wp","href":"https:\/\/api.w.org\/{rel}","templated":true}]}}