{"id":8438,"date":"2023-10-24T15:02:27","date_gmt":"2023-10-24T15:02:27","guid":{"rendered":"https:\/\/daiktaisuistorija.lt\/?post_type=product&#038;p=8438"},"modified":"2024-05-12T13:11:58","modified_gmt":"2024-05-12T10:11:58","slug":"molinis-triusis","status":"publish","type":"product","link":"https:\/\/daiktaisuistorija.lt\/lt\/produktas\/molinis-triusis\/","title":{"rendered":"Molinis triu\u0161is"},"content":{"rendered":"<p>Rank\u0173 darbo triu\u0161is i\u0161 molio su realisti\u0161komis stiklin\u0117mis akimis. Neglaz\u016bruotas.<\/p>\n<p>I\u0161matavimai:<br \/>Ilgis 14,5cm<br \/>Plotis 6,5<br \/>Auk\u0161tis 7cm<\/p>\n<div>B\u016bkl\u0117 &#8211; puiki.<\/div>","protected":false},"excerpt":{"rendered":"<p>Rank\u0173 darbo triu\u0161is i\u0161 molio su realisti\u0161komis stiklin\u0117mis akimis. Neglaz\u016bruotas. I\u0161matavimai:Ilgis 14,5cmPlotis 6,5Auk\u0161tis 7cm B\u016bkl\u0117 &#8211; puiki.<\/p>","protected":false},"featured_media":7524,"template":"","meta":[],"product_cat":[84,78,52],"product_tag":[],"class_list":["post-8438","product","type-product","status-publish","has-post-thumbnail","hentry","product_cat-ispardavimas","product_cat-statuleles-ir-ivairios-dekoracijos","product_cat-visi-daiktai"],"_links":{"self":[{"href":"https:\/\/daiktaisuistorija.lt\/lt\/wp-json\/wp\/v2\/product\/8438","targetHints":{"allow":["GET"]}}],"collection":[{"href":"https:\/\/daiktaisuistorija.lt\/lt\/wp-json\/wp\/v2\/product"}],"about":[{"href":"https:\/\/daiktaisuistorija.lt\/lt\/wp-json\/wp\/v2\/types\/product"}],"wp:featuredmedia":[{"embeddable":true,"href":"https:\/\/daiktaisuistorija.lt\/lt\/wp-json\/wp\/v2\/media\/7524"}],"wp:attachment":[{"href":"https:\/\/daiktaisuistorija.lt\/lt\/wp-json\/wp\/v2\/media?parent=8438"}],"wp:term":[{"taxonomy":"product_cat","embeddable":true,"href":"https:\/\/daiktaisuistorija.lt\/lt\/wp-json\/wp\/v2\/product_cat?post=8438"},{"taxonomy":"product_tag","embeddable":true,"href":"https:\/\/daiktaisuistorija.lt\/lt\/wp-json\/wp\/v2\/product_tag?post=8438"}],"curies":[{"name":"wp","href":"https:\/\/api.w.org\/{rel}","templated":true}]}}