{"id":8444,"date":"2023-10-24T15:02:28","date_gmt":"2023-10-24T15:02:28","guid":{"rendered":"https:\/\/daiktaisuistorija.lt\/?post_type=product&#038;p=8444"},"modified":"2023-11-09T21:24:41","modified_gmt":"2023-11-09T21:24:41","slug":"nerta-staltiese-su-kutais","status":"publish","type":"product","link":"https:\/\/daiktaisuistorija.lt\/lt\/produktas\/nerta-staltiese-su-kutais\/","title":{"rendered":"Nerta stalties\u0117 su kutais"},"content":{"rendered":"<p>Vinta\u017ein\u0117 nerta stalties\u0117 su kutais.<\/p>\n<p>I\u0161matavimai:<br \/>Ilgis 131cm;<br \/>Plotis 131cm.<\/p>\n<p>B\u016bkl\u0117 &#8211; labai gera.<\/p>","protected":false},"excerpt":{"rendered":"<p>Vinta\u017ein\u0117 nerta stalties\u0117 su kutais. I\u0161matavimai:Ilgis 131cm;Plotis 131cm. B\u016bkl\u0117 &#8211; labai gera.<\/p>","protected":false},"featured_media":7536,"template":"","meta":[],"product_cat":[67],"product_tag":[],"class_list":["post-8444","product","type-product","status-publish","has-post-thumbnail","hentry","product_cat-tekstile"],"_links":{"self":[{"href":"https:\/\/daiktaisuistorija.lt\/lt\/wp-json\/wp\/v2\/product\/8444","targetHints":{"allow":["GET"]}}],"collection":[{"href":"https:\/\/daiktaisuistorija.lt\/lt\/wp-json\/wp\/v2\/product"}],"about":[{"href":"https:\/\/daiktaisuistorija.lt\/lt\/wp-json\/wp\/v2\/types\/product"}],"wp:featuredmedia":[{"embeddable":true,"href":"https:\/\/daiktaisuistorija.lt\/lt\/wp-json\/wp\/v2\/media\/7536"}],"wp:attachment":[{"href":"https:\/\/daiktaisuistorija.lt\/lt\/wp-json\/wp\/v2\/media?parent=8444"}],"wp:term":[{"taxonomy":"product_cat","embeddable":true,"href":"https:\/\/daiktaisuistorija.lt\/lt\/wp-json\/wp\/v2\/product_cat?post=8444"},{"taxonomy":"product_tag","embeddable":true,"href":"https:\/\/daiktaisuistorija.lt\/lt\/wp-json\/wp\/v2\/product_tag?post=8444"}],"curies":[{"name":"wp","href":"https:\/\/api.w.org\/{rel}","templated":true}]}}