{"id":8449,"date":"2023-10-24T15:02:38","date_gmt":"2023-10-24T15:02:38","guid":{"rendered":"https:\/\/daiktaisuistorija.lt\/?post_type=product&#038;p=8449"},"modified":"2023-11-09T21:03:34","modified_gmt":"2023-11-09T21:03:34","slug":"nina-campbell-by-roy-kirkham","status":"publish","type":"product","link":"https:\/\/daiktaisuistorija.lt\/lt\/produktas\/nina-campbell-by-roy-kirkham\/","title":{"rendered":"Nina Campbell by Roy Kirkham"},"content":{"rendered":"<p>Nina Campbell by Roy Kirkham kolekcijos porcelianinis puodelis.<\/p>\n<p>T\u016bris 300 ml<\/p>\n<p>B\u016bkl\u0117 &#8211; puiki.<\/p>","protected":false},"excerpt":{"rendered":"<p>Nina Campbell by Roy Kirkham kolekcijos porcelianinis puodelis. T\u016bris 300 ml B\u016bkl\u0117 &#8211; puiki.<\/p>","protected":false},"featured_media":7542,"template":"","meta":[],"product_cat":[50],"product_tag":[],"class_list":["post-8449","product","type-product","status-publish","has-post-thumbnail","hentry","product_cat-puodeliai"],"_links":{"self":[{"href":"https:\/\/daiktaisuistorija.lt\/lt\/wp-json\/wp\/v2\/product\/8449","targetHints":{"allow":["GET"]}}],"collection":[{"href":"https:\/\/daiktaisuistorija.lt\/lt\/wp-json\/wp\/v2\/product"}],"about":[{"href":"https:\/\/daiktaisuistorija.lt\/lt\/wp-json\/wp\/v2\/types\/product"}],"wp:featuredmedia":[{"embeddable":true,"href":"https:\/\/daiktaisuistorija.lt\/lt\/wp-json\/wp\/v2\/media\/7542"}],"wp:attachment":[{"href":"https:\/\/daiktaisuistorija.lt\/lt\/wp-json\/wp\/v2\/media?parent=8449"}],"wp:term":[{"taxonomy":"product_cat","embeddable":true,"href":"https:\/\/daiktaisuistorija.lt\/lt\/wp-json\/wp\/v2\/product_cat?post=8449"},{"taxonomy":"product_tag","embeddable":true,"href":"https:\/\/daiktaisuistorija.lt\/lt\/wp-json\/wp\/v2\/product_tag?post=8449"}],"curies":[{"name":"wp","href":"https:\/\/api.w.org\/{rel}","templated":true}]}}