{"id":8453,"date":"2023-10-24T15:02:38","date_gmt":"2023-10-24T15:02:38","guid":{"rendered":"https:\/\/daiktaisuistorija.lt\/?post_type=product&#038;p=8453"},"modified":"2023-11-09T22:19:14","modified_gmt":"2023-11-09T22:19:14","slug":"ombre-dizaino-akmens-keramikos-vaza","status":"publish","type":"product","link":"https:\/\/daiktaisuistorija.lt\/lt\/produktas\/ombre-dizaino-akmens-keramikos-vaza\/","title":{"rendered":"\u200bOmbre dizaino akmens keramikos vaza"},"content":{"rendered":"<p>\u017dema, plati akmens keramikos vaza. Su autoriaus para\u0161u dugne.<\/p>\n<p>I\u0161matavimai:<br \/>Auk\u0161tis 11cm;<br \/>Skersmuo 15cm.<\/p>\n<div>B\u016bkl\u0117 &#8211; labai gera.<\/div>","protected":false},"excerpt":{"rendered":"<p>\u017dema, plati akmens keramikos vaza. Su autoriaus para\u0161u dugne. I\u0161matavimai:Auk\u0161tis 11cm;Skersmuo 15cm. B\u016bkl\u0117 &#8211; labai gera.<\/p>","protected":false},"featured_media":7548,"template":"","meta":[],"product_cat":[61],"product_tag":[],"class_list":["post-8453","product","type-product","status-publish","has-post-thumbnail","hentry","product_cat-vazos-ir-vazonai"],"_links":{"self":[{"href":"https:\/\/daiktaisuistorija.lt\/lt\/wp-json\/wp\/v2\/product\/8453","targetHints":{"allow":["GET"]}}],"collection":[{"href":"https:\/\/daiktaisuistorija.lt\/lt\/wp-json\/wp\/v2\/product"}],"about":[{"href":"https:\/\/daiktaisuistorija.lt\/lt\/wp-json\/wp\/v2\/types\/product"}],"wp:featuredmedia":[{"embeddable":true,"href":"https:\/\/daiktaisuistorija.lt\/lt\/wp-json\/wp\/v2\/media\/7548"}],"wp:attachment":[{"href":"https:\/\/daiktaisuistorija.lt\/lt\/wp-json\/wp\/v2\/media?parent=8453"}],"wp:term":[{"taxonomy":"product_cat","embeddable":true,"href":"https:\/\/daiktaisuistorija.lt\/lt\/wp-json\/wp\/v2\/product_cat?post=8453"},{"taxonomy":"product_tag","embeddable":true,"href":"https:\/\/daiktaisuistorija.lt\/lt\/wp-json\/wp\/v2\/product_tag?post=8453"}],"curies":[{"name":"wp","href":"https:\/\/api.w.org\/{rel}","templated":true}]}}