{"id":8454,"date":"2023-10-24T15:02:38","date_gmt":"2023-10-24T15:02:38","guid":{"rendered":"https:\/\/daiktaisuistorija.lt\/?post_type=product&#038;p=8454"},"modified":"2025-12-19T16:35:22","modified_gmt":"2025-12-19T14:35:22","slug":"originalus-neil-shutherland-paveikslas","status":"publish","type":"product","link":"https:\/\/daiktaisuistorija.lt\/lt\/produktas\/originalus-neil-shutherland-paveikslas\/","title":{"rendered":"Originalus Neil Shutherland paveikslas"},"content":{"rendered":"<div>Originalus Neil Shutherland (Anglija) paveikslas. Aliejus, drob\u0117.<\/div>\n<div>Nutapytas XIX a. antroje pus\u0117je &#8211; XX a. pirmoje pus\u0117je.<\/div>\n<div>71x56cm<\/div>\n<div>Paveikslo (drob\u0117s) b\u016bkl\u0117 puiki.<\/div>\n<div>I\u0161 r\u0117mo yra i\u0161krit\u0119 keli vinukai (paskutin\u0117 nuotrauka), juos reik\u0117t\u0173 \u012fkalti atgal, kad drob\u0117 stabiliai laikyt\u0173si r\u0117me (paveikslas gali kab\u0117ti ir be j\u0173).<\/div>\n<p>PASTABA. D\u0117l paveikslo dyd\u017eio si\u016blome atsi\u0117mim\u0105 fiz. parduotuv\u0117je Vilniuje arba pristatym\u0105 per autobus\u0173 stot\u012f.<\/p>","protected":false},"excerpt":{"rendered":"<p>Originalus Neil Shutherland (Anglija) paveikslas. Aliejus, drob\u0117. Nutapytas XIX a. antroje pus\u0117je &#8211; XX a. pirmoje pus\u0117je. 71x56cm Paveikslo (drob\u0117s) b\u016bkl\u0117 puiki. I\u0161 r\u0117mo yra i\u0161krit\u0119 keli vinukai (paskutin\u0117 nuotrauka), juos reik\u0117t\u0173 \u012fkalti atgal, kad drob\u0117 stabiliai laikyt\u0173si r\u0117me (paveikslas gali kab\u0117ti ir be j\u0173). PASTABA. D\u0117l paveikslo dyd\u017eio si\u016blome atsi\u0117mim\u0105 fiz. parduotuv\u0117je Vilniuje arba [&hellip;]<\/p>","protected":false},"featured_media":8478,"template":"","meta":[],"product_cat":[84,79,52],"product_tag":[],"class_list":["post-8454","product","type-product","status-publish","has-post-thumbnail","hentry","product_cat-ispardavimas","product_cat-paveikslai","product_cat-visi-daiktai"],"_links":{"self":[{"href":"https:\/\/daiktaisuistorija.lt\/lt\/wp-json\/wp\/v2\/product\/8454","targetHints":{"allow":["GET"]}}],"collection":[{"href":"https:\/\/daiktaisuistorija.lt\/lt\/wp-json\/wp\/v2\/product"}],"about":[{"href":"https:\/\/daiktaisuistorija.lt\/lt\/wp-json\/wp\/v2\/types\/product"}],"wp:featuredmedia":[{"embeddable":true,"href":"https:\/\/daiktaisuistorija.lt\/lt\/wp-json\/wp\/v2\/media\/8478"}],"wp:attachment":[{"href":"https:\/\/daiktaisuistorija.lt\/lt\/wp-json\/wp\/v2\/media?parent=8454"}],"wp:term":[{"taxonomy":"product_cat","embeddable":true,"href":"https:\/\/daiktaisuistorija.lt\/lt\/wp-json\/wp\/v2\/product_cat?post=8454"},{"taxonomy":"product_tag","embeddable":true,"href":"https:\/\/daiktaisuistorija.lt\/lt\/wp-json\/wp\/v2\/product_tag?post=8454"}],"curies":[{"name":"wp","href":"https:\/\/api.w.org\/{rel}","templated":true}]}}